{"id":7682,"date":"2025-05-21T01:41:35","date_gmt":"2025-05-20T23:41:35","guid":{"rendered":"https:\/\/pro-newsletter.cloud.intranet.one.be\/?page_id=7682"},"modified":"2025-05-24T20:28:22","modified_gmt":"2025-05-24T18:28:22","slug":"compro","status":"publish","type":"page","link":"https:\/\/pro.one.be\/news\/?page_id=7682","title":{"rendered":"COMPRO"},"content":{"rendered":"\t\t<div data-elementor-type=\"wp-page\" data-elementor-id=\"7682\" class=\"elementor elementor-7682\">\n\t\t\t\t\t\t<section class=\"elementor-section elementor-top-section elementor-element elementor-element-f2280a1 elementor-section-boxed elementor-section-height-default elementor-section-height-default\" data-id=\"f2280a1\" data-element_type=\"section\" data-settings=\"{&quot;jet_parallax_layout_list&quot;:[]}\">\n\t\t\t\t\t\t<div class=\"elementor-container elementor-column-gap-default\">\n\t\t\t\t\t<div class=\"elementor-column elementor-col-100 elementor-top-column elementor-element elementor-element-741d93e\" data-id=\"741d93e\" data-element_type=\"column\">\n\t\t\t<div class=\"elementor-widget-wrap elementor-element-populated\">\n\t\t\t\t\t\t<div class=\"elementor-element elementor-element-8f1d2c5 elementor-widget elementor-widget-button\" data-id=\"8f1d2c5\" data-element_type=\"widget\" data-widget_type=\"button.default\">\n\t\t\t\t<div class=\"elementor-widget-container\">\n\t\t\t\t\t\t\t\t\t<div class=\"elementor-button-wrapper\">\n\t\t\t\t\t<a class=\"elementor-button elementor-button-link elementor-size-sm\" href=\"https:\/\/pro.one.be\/news\/\">\n\t\t\t\t\t\t<span class=\"elementor-button-content-wrapper\">\n\t\t\t\t\t\t<span class=\"elementor-button-icon\">\n\t\t\t\t<i aria-hidden=\"true\" class=\"fas fa-arrow-left\"><\/i>\t\t\t<\/span>\n\t\t\t\t\t\t\t\t\t<span class=\"elementor-button-text\">Accueil<\/span>\n\t\t\t\t\t<\/span>\n\t\t\t\t\t<\/a>\n\t\t\t\t<\/div>\n\t\t\t\t\t\t\t\t<\/div>\n\t\t\t\t<\/div>\n\t\t\t\t<div class=\"elementor-element elementor-element-d3330bd elementor-widget elementor-widget-heading\" data-id=\"d3330bd\" data-element_type=\"widget\" data-widget_type=\"heading.default\">\n\t\t\t\t<div class=\"elementor-widget-container\">\n\t\t\t\t\t<h2 class=\"elementor-heading-title elementor-size-default\">\ud83e\uddfeEspace Documentation Pro.ONE<\/h2>\t\t\t\t<\/div>\n\t\t\t\t<\/div>\n\t\t\t\t\t<\/div>\n\t\t<\/div>\n\t\t\t\t\t<\/div>\n\t\t<\/section>\n\t\t\t\t<section class=\"elementor-section elementor-top-section elementor-element elementor-element-64390b3 elementor-section-boxed elementor-section-height-default elementor-section-height-default\" data-id=\"64390b3\" data-element_type=\"section\" data-settings=\"{&quot;jet_parallax_layout_list&quot;:[]}\">\n\t\t\t\t\t\t<div class=\"elementor-container elementor-column-gap-default\">\n\t\t\t\t\t<div class=\"elementor-column elementor-col-100 elementor-top-column elementor-element elementor-element-19879b5\" data-id=\"19879b5\" data-element_type=\"column\">\n\t\t\t<div class=\"elementor-widget-wrap elementor-element-populated\">\n\t\t\t\t\t\t<div class=\"elementor-element elementor-element-6e7c113 elementor-widget__width-initial elementor-widget elementor-widget-text-editor\" data-id=\"6e7c113\" data-element_type=\"widget\" data-widget_type=\"text-editor.default\">\n\t\t\t\t<div class=\"elementor-widget-container\">\n\t\t\t\t\t\t\t\t\t<p><span data-teams=\"true\">Cette interface met \u00e0 votre disposition toutes les ressources ONE qui vous concernent de mani\u00e8re personnalis\u00e9e (d\u00e9termin\u00e9e en fonction de votre profil utilisateurs et de vos acc\u00e8s personnels). Vous pouvez y retrouver la r\u00e8glementation en vigueur pour le secteur de l&rsquo;accueil mais aussi les communications de l&rsquo;ONE \u00e0 votre attention, des brochures, des fiches outils, etc. La documentation est mise \u00e0 jour r\u00e9guli\u00e8rement pas les diff\u00e9rents services de l&rsquo;ONE.\u00a0<\/span><\/p>\t\t\t\t\t\t\t\t<\/div>\n\t\t\t\t<\/div>\n\t\t\t\t\t<\/div>\n\t\t<\/div>\n\t\t\t\t\t<\/div>\n\t\t<\/section>\n\t\t\t\t<section class=\"elementor-section elementor-top-section elementor-element elementor-element-cffba3a elementor-section-boxed elementor-section-height-default elementor-section-height-default\" data-id=\"cffba3a\" data-element_type=\"section\" data-settings=\"{&quot;jet_parallax_layout_list&quot;:[]}\">\n\t\t\t\t\t\t<div class=\"elementor-container elementor-column-gap-default\">\n\t\t\t\t\t<div class=\"elementor-column elementor-col-100 elementor-top-column elementor-element elementor-element-429f6ee\" data-id=\"429f6ee\" data-element_type=\"column\">\n\t\t\t<div class=\"elementor-widget-wrap elementor-element-populated\">\n\t\t\t\t\t\t<div class=\"elementor-element elementor-element-9f17e38 elementor-widget elementor-widget-heading\" data-id=\"9f17e38\" data-element_type=\"widget\" data-widget_type=\"heading.default\">\n\t\t\t\t<div class=\"elementor-widget-container\">\n\t\t\t\t\t<h2 class=\"elementor-heading-title elementor-size-default\">Guides pratiques<\/h2>\t\t\t\t<\/div>\n\t\t\t\t<\/div>\n\t\t\t\t<div class=\"elementor-element elementor-element-59f8acc elementor-widget elementor-widget-text-editor\" data-id=\"59f8acc\" data-element_type=\"widget\" data-widget_type=\"text-editor.default\">\n\t\t\t\t<div class=\"elementor-widget-container\">\n\t\t\t\t\t\t\t\t\t<p>\ud83d\udd27 Ce guide est actuellement en cours de cr\u00e9ation. Il sera bient\u00f4t disponible ici !<\/p>\t\t\t\t\t\t\t\t<\/div>\n\t\t\t\t<\/div>\n\t\t\t\t\t<\/div>\n\t\t<\/div>\n\t\t\t\t\t<\/div>\n\t\t<\/section>\n\t\t\t\t<section class=\"elementor-section elementor-top-section elementor-element elementor-element-70cc82d elementor-section-boxed elementor-section-height-default elementor-section-height-default\" data-id=\"70cc82d\" data-element_type=\"section\" data-settings=\"{&quot;jet_parallax_layout_list&quot;:[]}\">\n\t\t\t\t\t\t<div class=\"elementor-container elementor-column-gap-default\">\n\t\t\t\t\t<div class=\"elementor-column elementor-col-100 elementor-top-column elementor-element elementor-element-a67462f\" data-id=\"a67462f\" data-element_type=\"column\">\n\t\t\t<div class=\"elementor-widget-wrap elementor-element-populated\">\n\t\t\t\t\t\t<div class=\"elementor-element elementor-element-e382566 elementor-widget elementor-widget-heading\" data-id=\"e382566\" data-element_type=\"widget\" data-widget_type=\"heading.default\">\n\t\t\t\t<div class=\"elementor-widget-container\">\n\t\t\t\t\t<h2 class=\"elementor-heading-title elementor-size-default\">Articles<\/h2>\t\t\t\t<\/div>\n\t\t\t\t<\/div>\n\t\t\t\t<div class=\"elementor-element elementor-element-1805b84 elementor-widget elementor-widget-text-editor\" data-id=\"1805b84\" data-element_type=\"widget\" data-widget_type=\"text-editor.default\">\n\t\t\t\t<div class=\"elementor-widget-container\">\n\t\t\t\t\t\t\t\t\t<p>\ud83d\udca1 En attendant, d\u00e9couvrez les articles d\u00e9j\u00e0 publi\u00e9s sur cette th\u00e9matique.<\/p>\t\t\t\t\t\t\t\t<\/div>\n\t\t\t\t<\/div>\n\t\t\t\t\t<\/div>\n\t\t<\/div>\n\t\t\t\t\t<\/div>\n\t\t<\/section>\n\t\t\t\t<section class=\"elementor-section elementor-top-section elementor-element elementor-element-fcd0322 elementor-section-boxed elementor-section-height-default elementor-section-height-default\" data-id=\"fcd0322\" data-element_type=\"section\" data-settings=\"{&quot;jet_parallax_layout_list&quot;:[]}\">\n\t\t\t\t\t\t<div class=\"elementor-container elementor-column-gap-default\">\n\t\t\t\t\t<div class=\"elementor-column elementor-col-100 elementor-top-column elementor-element elementor-element-929d8e0\" data-id=\"929d8e0\" data-element_type=\"column\">\n\t\t\t<div class=\"elementor-widget-wrap elementor-element-populated\">\n\t\t\t\t\t\t<div class=\"elementor-element elementor-element-fb94802 raven-button-align-center elementor-widget elementor-widget-raven-posts\" data-id=\"fb94802\" data-element_type=\"widget\" data-settings=\"{&quot;classic_show_pagination&quot;:&quot;yes&quot;,&quot;classic_pagination_type&quot;:&quot;load_more&quot;,&quot;_skin&quot;:&quot;classic&quot;,&quot;classic_layout&quot;:&quot;grid&quot;,&quot;classic_columns&quot;:&quot;3&quot;,&quot;classic_columns_tablet&quot;:&quot;2&quot;,&quot;classic_columns_mobile&quot;:&quot;1&quot;,&quot;query_posts_per_page&quot;:6,&quot;query_offset&quot;:0}\" data-widget_type=\"raven-posts.classic\">\n\t\t\t\t<div class=\"elementor-widget-container\">\n\t\t\t\t\t\t\t<div class=\"raven-posts raven-grid raven-grid-3 raven-grid-mobile-1 raven-grid-tablet-2\" data-post-id=\"7682\" data-archive-query=\"\" data-lang=\"\">\r\n\t\t\t\t<div class=\"raven-grid-item raven-post-item post-7331 post type-post status-publish format-standard hentry category-atl category-creches-sae\">\r\n\t\t\t<div class=\"raven-post\">\r\n\t\t\t\t\t\t\t\t<div class=\"raven-post-content\">\r\n\t\t\t\t\t\t\t<div class=\"raven-post-meta\"><a class=\"raven-post-meta-item raven-post-date\" href=\"https:\/\/pro.one.be\/news\/?m=202505\" rel=\"bookmark\">mai 2025<\/a>\n<span class=\"raven-post-meta-item raven-post-categories\"><a href=\"https:\/\/pro.one.be\/news\/?cat=74\" rel=\"tag\">ATL<\/a>, <a href=\"https:\/\/pro.one.be\/news\/?cat=1\" rel=\"tag\">Cr\u00e8ches &amp; SAE<\/a><\/span><\/div>\r\n\t\t<h3 class=\"raven-post-title\"><a class=\"raven-post-title-link\" href=\"https:\/\/pro.one.be\/news\/?p=7331\">Documentation sur Pro.ONE : les notifications vous avertissent des nouveaut\u00e9s.<\/a><\/h3><div class=\"raven-post-excerpt\">En novembre 2024, un nouvel onglet \u00ab\u00a0Documentation\u00a0\u00bb apparaissait sur Pro.ONE. Cette nouvelle biblioth\u00e8que en ligne vous permet de consulter tous les documents qui vous concernent mis \u00e0 disposition par les<\/div>\t\t<div class=\"raven-post-read-more\">\r\n\t\t\t<a class=\"raven-post-button\" href=\"https:\/\/pro.one.be\/news\/?p=7331\"><span class=\"raven-post-button-text\">En savoir +<\/span><\/a>\r\n\t\t<\/div>\r\n\t\t\t\t\t\t<\/div>\r\n\t\t\t<\/div>\r\n\t\t<\/div>\r\n\t\t\t\t<div class=\"raven-grid-item raven-post-item post-5871 post type-post status-publish format-standard hentry category-atl category-creches-sae\">\r\n\t\t\t<div class=\"raven-post\">\r\n\t\t\t\t\t\t\t\t<div class=\"raven-post-content\">\r\n\t\t\t\t\t\t\t<div class=\"raven-post-meta\"><a class=\"raven-post-meta-item raven-post-date\" href=\"https:\/\/pro.one.be\/news\/?m=202410\" rel=\"bookmark\">octobre 2024<\/a>\n<span class=\"raven-post-meta-item raven-post-categories\"><a href=\"https:\/\/pro.one.be\/news\/?cat=74\" rel=\"tag\">ATL<\/a>, <a href=\"https:\/\/pro.one.be\/news\/?cat=1\" rel=\"tag\">Cr\u00e8ches &amp; SAE<\/a><\/span><\/div>\r\n\t\t<h3 class=\"raven-post-title\"><a class=\"raven-post-title-link\" href=\"https:\/\/pro.one.be\/news\/?p=5871\">Toute la documentation qui vous concerne directement accessible sur Pro.ONE\u202f!\u00a0<\/a><\/h3><div class=\"raven-post-excerpt\">D\u00e8s ce mois d&rsquo;octobre, votre portail professionnel Pro.ONE accueillera un espace de documentation sur mesure, de quoi simplifier votre acc\u00e8s \u00e0 l\u2019information\u202f!&nbsp; Ce nouvel outil, directement aliment\u00e9 par les diff\u00e9rents<\/div>\t\t<div class=\"raven-post-read-more\">\r\n\t\t\t<a class=\"raven-post-button\" href=\"https:\/\/pro.one.be\/news\/?p=5871\"><span class=\"raven-post-button-text\">En savoir +<\/span><\/a>\r\n\t\t<\/div>\r\n\t\t\t\t\t\t<\/div>\r\n\t\t\t<\/div>\r\n\t\t<\/div>\r\n\t\t\t\t<\/div>\r\n\t\t\t\t\t\t<\/div>\n\t\t\t\t<\/div>\n\t\t\t\t\t<\/div>\n\t\t<\/div>\n\t\t\t\t\t<\/div>\n\t\t<\/section>\n\t\t\t\t<section class=\"elementor-section elementor-top-section elementor-element elementor-element-1ac97f3 elementor-section-boxed elementor-section-height-default elementor-section-height-default\" data-id=\"1ac97f3\" data-element_type=\"section\" data-settings=\"{&quot;jet_parallax_layout_list&quot;:[]}\">\n\t\t\t\t\t\t<div class=\"elementor-container elementor-column-gap-default\">\n\t\t\t\t\t<div class=\"elementor-column elementor-col-50 elementor-top-column elementor-element elementor-element-7d1d17f\" data-id=\"7d1d17f\" data-element_type=\"column\">\n\t\t\t<div class=\"elementor-widget-wrap\">\n\t\t\t\t\t\t\t<\/div>\n\t\t<\/div>\n\t\t\t\t<div class=\"elementor-column elementor-col-50 elementor-top-column elementor-element elementor-element-c20645a\" data-id=\"c20645a\" data-element_type=\"column\">\n\t\t\t<div class=\"elementor-widget-wrap\">\n\t\t\t\t\t\t\t<\/div>\n\t\t<\/div>\n\t\t\t\t\t<\/div>\n\t\t<\/section>\n\t\t\t\t<\/div>\n\t\t","protected":false},"excerpt":{"rendered":"<p>Accueil \ud83e\uddfeEspace Documentation Pro.ONE Cette interface met \u00e0 votre disposition toutes les ressources ONE qui vous concernent de mani\u00e8re personnalis\u00e9e (d\u00e9termin\u00e9e en fonction de votre profil utilisateurs et de vos acc\u00e8s personnels). Vous pouvez y retrouver la r\u00e8glementation en vigueur pour le secteur de l&rsquo;accueil mais aussi les communications de l&rsquo;ONE \u00e0 votre attention, des [&hellip;]<\/p>\n","protected":false},"author":2,"featured_media":0,"parent":0,"menu_order":0,"comment_status":"closed","ping_status":"closed","template":"elementor_header_footer","meta":{"_acf_changed":false,"footnotes":""},"class_list":["post-7682","page","type-page","status-publish","hentry"],"acf":[],"yoast_head":"<!-- This site is optimized with the Yoast SEO plugin v25.1 - https:\/\/yoast.com\/wordpress\/plugins\/seo\/ -->\n<title>COMPRO - PRO.DIG.E<\/title>\n<meta name=\"robots\" content=\"index, follow, max-snippet:-1, max-image-preview:large, max-video-preview:-1\" \/>\n<link rel=\"canonical\" href=\"https:\/\/pro.one.be\/news\/?page_id=7682\" \/>\n<meta property=\"og:locale\" content=\"fr_FR\" \/>\n<meta property=\"og:type\" content=\"article\" \/>\n<meta property=\"og:title\" content=\"COMPRO - PRO.DIG.E\" \/>\n<meta property=\"og:description\" content=\"Accueil \ud83e\uddfeEspace Documentation Pro.ONE Cette interface met \u00e0 votre disposition toutes les ressources ONE qui vous concernent de mani\u00e8re personnalis\u00e9e (d\u00e9termin\u00e9e en fonction de votre profil utilisateurs et de vos acc\u00e8s personnels). Vous pouvez y retrouver la r\u00e8glementation en vigueur pour le secteur de l&rsquo;accueil mais aussi les communications de l&rsquo;ONE \u00e0 votre attention, des [&hellip;]\" \/>\n<meta property=\"og:url\" content=\"https:\/\/pro.one.be\/news\/?page_id=7682\" \/>\n<meta property=\"og:site_name\" content=\"PRO.DIG.E\" \/>\n<meta property=\"article:modified_time\" content=\"2025-05-24T18:28:22+00:00\" \/>\n<meta name=\"twitter:card\" content=\"summary_large_image\" \/>\n<meta name=\"twitter:label1\" content=\"Dur\u00e9e de lecture estim\u00e9e\" \/>\n\t<meta name=\"twitter:data1\" content=\"2 minutes\" \/>\n<script type=\"application\/ld+json\" class=\"yoast-schema-graph\">{\"@context\":\"https:\/\/schema.org\",\"@graph\":[{\"@type\":\"WebPage\",\"@id\":\"https:\/\/pro.one.be\/news\/?page_id=7682\",\"url\":\"https:\/\/pro.one.be\/news\/?page_id=7682\",\"name\":\"COMPRO - PRO.DIG.E\",\"isPartOf\":{\"@id\":\"https:\/\/pro.one.be\/news\/#website\"},\"datePublished\":\"2025-05-20T23:41:35+00:00\",\"dateModified\":\"2025-05-24T18:28:22+00:00\",\"breadcrumb\":{\"@id\":\"https:\/\/pro.one.be\/news\/?page_id=7682#breadcrumb\"},\"inLanguage\":\"fr-FR\",\"potentialAction\":[{\"@type\":\"ReadAction\",\"target\":[\"https:\/\/pro.one.be\/news\/?page_id=7682\"]}]},{\"@type\":\"BreadcrumbList\",\"@id\":\"https:\/\/pro.one.be\/news\/?page_id=7682#breadcrumb\",\"itemListElement\":[{\"@type\":\"ListItem\",\"position\":1,\"name\":\"Accueil\",\"item\":\"https:\/\/pro.one.be\/news\/\"},{\"@type\":\"ListItem\",\"position\":2,\"name\":\"COMPRO\"}]},{\"@type\":\"WebSite\",\"@id\":\"https:\/\/pro.one.be\/news\/#website\",\"url\":\"https:\/\/pro.one.be\/news\/\",\"name\":\"PRO.DIG.E\",\"description\":\"De DIGIPRO\",\"publisher\":{\"@id\":\"https:\/\/pro.one.be\/news\/#organization\"},\"potentialAction\":[{\"@type\":\"SearchAction\",\"target\":{\"@type\":\"EntryPoint\",\"urlTemplate\":\"https:\/\/pro.one.be\/news\/?s={search_term_string}\"},\"query-input\":{\"@type\":\"PropertyValueSpecification\",\"valueRequired\":true,\"valueName\":\"search_term_string\"}}],\"inLanguage\":\"fr-FR\"},{\"@type\":\"Organization\",\"@id\":\"https:\/\/pro.one.be\/news\/#organization\",\"name\":\"PRO.DIG.E\",\"url\":\"https:\/\/pro.one.be\/news\/\",\"logo\":{\"@type\":\"ImageObject\",\"inLanguage\":\"fr-FR\",\"@id\":\"https:\/\/pro.one.be\/news\/#\/schema\/logo\/image\/\",\"url\":\"https:\/\/pro.one.be\/news\/wp-content\/uploads\/2022\/09\/ONE_haut.svg\",\"contentUrl\":\"https:\/\/pro.one.be\/news\/wp-content\/uploads\/2022\/09\/ONE_haut.svg\",\"width\":276.52,\"height\":167.58,\"caption\":\"PRO.DIG.E\"},\"image\":{\"@id\":\"https:\/\/pro.one.be\/news\/#\/schema\/logo\/image\/\"}}]}<\/script>\n<!-- \/ Yoast SEO plugin. -->","yoast_head_json":{"title":"COMPRO - PRO.DIG.E","robots":{"index":"index","follow":"follow","max-snippet":"max-snippet:-1","max-image-preview":"max-image-preview:large","max-video-preview":"max-video-preview:-1"},"canonical":"https:\/\/pro.one.be\/news\/?page_id=7682","og_locale":"fr_FR","og_type":"article","og_title":"COMPRO - PRO.DIG.E","og_description":"Accueil \ud83e\uddfeEspace Documentation Pro.ONE Cette interface met \u00e0 votre disposition toutes les ressources ONE qui vous concernent de mani\u00e8re personnalis\u00e9e (d\u00e9termin\u00e9e en fonction de votre profil utilisateurs et de vos acc\u00e8s personnels). Vous pouvez y retrouver la r\u00e8glementation en vigueur pour le secteur de l&rsquo;accueil mais aussi les communications de l&rsquo;ONE \u00e0 votre attention, des [&hellip;]","og_url":"https:\/\/pro.one.be\/news\/?page_id=7682","og_site_name":"PRO.DIG.E","article_modified_time":"2025-05-24T18:28:22+00:00","twitter_card":"summary_large_image","twitter_misc":{"Dur\u00e9e de lecture estim\u00e9e":"2 minutes"},"schema":{"@context":"https:\/\/schema.org","@graph":[{"@type":"WebPage","@id":"https:\/\/pro.one.be\/news\/?page_id=7682","url":"https:\/\/pro.one.be\/news\/?page_id=7682","name":"COMPRO - PRO.DIG.E","isPartOf":{"@id":"https:\/\/pro.one.be\/news\/#website"},"datePublished":"2025-05-20T23:41:35+00:00","dateModified":"2025-05-24T18:28:22+00:00","breadcrumb":{"@id":"https:\/\/pro.one.be\/news\/?page_id=7682#breadcrumb"},"inLanguage":"fr-FR","potentialAction":[{"@type":"ReadAction","target":["https:\/\/pro.one.be\/news\/?page_id=7682"]}]},{"@type":"BreadcrumbList","@id":"https:\/\/pro.one.be\/news\/?page_id=7682#breadcrumb","itemListElement":[{"@type":"ListItem","position":1,"name":"Accueil","item":"https:\/\/pro.one.be\/news\/"},{"@type":"ListItem","position":2,"name":"COMPRO"}]},{"@type":"WebSite","@id":"https:\/\/pro.one.be\/news\/#website","url":"https:\/\/pro.one.be\/news\/","name":"PRO.DIG.E","description":"De DIGIPRO","publisher":{"@id":"https:\/\/pro.one.be\/news\/#organization"},"potentialAction":[{"@type":"SearchAction","target":{"@type":"EntryPoint","urlTemplate":"https:\/\/pro.one.be\/news\/?s={search_term_string}"},"query-input":{"@type":"PropertyValueSpecification","valueRequired":true,"valueName":"search_term_string"}}],"inLanguage":"fr-FR"},{"@type":"Organization","@id":"https:\/\/pro.one.be\/news\/#organization","name":"PRO.DIG.E","url":"https:\/\/pro.one.be\/news\/","logo":{"@type":"ImageObject","inLanguage":"fr-FR","@id":"https:\/\/pro.one.be\/news\/#\/schema\/logo\/image\/","url":"https:\/\/pro.one.be\/news\/wp-content\/uploads\/2022\/09\/ONE_haut.svg","contentUrl":"https:\/\/pro.one.be\/news\/wp-content\/uploads\/2022\/09\/ONE_haut.svg","width":276.52,"height":167.58,"caption":"PRO.DIG.E"},"image":{"@id":"https:\/\/pro.one.be\/news\/#\/schema\/logo\/image\/"}}]}},"_links":{"self":[{"href":"https:\/\/pro.one.be\/news\/index.php?rest_route=\/wp\/v2\/pages\/7682","targetHints":{"allow":["GET"]}}],"collection":[{"href":"https:\/\/pro.one.be\/news\/index.php?rest_route=\/wp\/v2\/pages"}],"about":[{"href":"https:\/\/pro.one.be\/news\/index.php?rest_route=\/wp\/v2\/types\/page"}],"author":[{"embeddable":true,"href":"https:\/\/pro.one.be\/news\/index.php?rest_route=\/wp\/v2\/users\/2"}],"replies":[{"embeddable":true,"href":"https:\/\/pro.one.be\/news\/index.php?rest_route=%2Fwp%2Fv2%2Fcomments&post=7682"}],"version-history":[{"count":25,"href":"https:\/\/pro.one.be\/news\/index.php?rest_route=\/wp\/v2\/pages\/7682\/revisions"}],"predecessor-version":[{"id":8085,"href":"https:\/\/pro.one.be\/news\/index.php?rest_route=\/wp\/v2\/pages\/7682\/revisions\/8085"}],"wp:attachment":[{"href":"https:\/\/pro.one.be\/news\/index.php?rest_route=%2Fwp%2Fv2%2Fmedia&parent=7682"}],"curies":[{"name":"wp","href":"https:\/\/api.w.org\/{rel}","templated":true}]}}