{"id":7710,"date":"2025-05-21T02:05:28","date_gmt":"2025-05-21T00:05:28","guid":{"rendered":"https:\/\/pro-newsletter.cloud.intranet.one.be\/?page_id=7710"},"modified":"2025-05-24T20:31:05","modified_gmt":"2025-05-24T18:31:05","slug":"gestion-des-donnees-et-fonctionnalites-specifiques","status":"publish","type":"page","link":"https:\/\/pro.one.be\/news\/?page_id=7710","title":{"rendered":"Gestion des donn\u00e9es et fonctionnalit\u00e9s sp\u00e9cifiques"},"content":{"rendered":"\t\t<div data-elementor-type=\"wp-page\" data-elementor-id=\"7710\" class=\"elementor elementor-7710\">\n\t\t\t\t\t\t<section class=\"elementor-section elementor-top-section elementor-element elementor-element-323adc5 elementor-section-boxed elementor-section-height-default elementor-section-height-default\" data-id=\"323adc5\" data-element_type=\"section\" data-settings=\"{&quot;jet_parallax_layout_list&quot;:[]}\">\n\t\t\t\t\t\t<div class=\"elementor-container elementor-column-gap-default\">\n\t\t\t\t\t<div class=\"elementor-column elementor-col-100 elementor-top-column elementor-element elementor-element-c837204\" data-id=\"c837204\" data-element_type=\"column\">\n\t\t\t<div class=\"elementor-widget-wrap elementor-element-populated\">\n\t\t\t\t\t\t<div class=\"elementor-element elementor-element-fe37a99 elementor-widget elementor-widget-button\" data-id=\"fe37a99\" data-element_type=\"widget\" data-widget_type=\"button.default\">\n\t\t\t\t<div class=\"elementor-widget-container\">\n\t\t\t\t\t\t\t\t\t<div class=\"elementor-button-wrapper\">\n\t\t\t\t\t<a class=\"elementor-button elementor-button-link elementor-size-sm\" href=\"https:\/\/pro.one.be\/news\/\">\n\t\t\t\t\t\t<span class=\"elementor-button-content-wrapper\">\n\t\t\t\t\t\t<span class=\"elementor-button-icon\">\n\t\t\t\t<i aria-hidden=\"true\" class=\"fas fa-arrow-left\"><\/i>\t\t\t<\/span>\n\t\t\t\t\t\t\t\t\t<span class=\"elementor-button-text\">Accueil<\/span>\n\t\t\t\t\t<\/span>\n\t\t\t\t\t<\/a>\n\t\t\t\t<\/div>\n\t\t\t\t\t\t\t\t<\/div>\n\t\t\t\t<\/div>\n\t\t\t\t<div class=\"elementor-element elementor-element-c8256db elementor-widget elementor-widget-heading\" data-id=\"c8256db\" data-element_type=\"widget\" data-widget_type=\"heading.default\">\n\t\t\t\t<div class=\"elementor-widget-container\">\n\t\t\t\t\t<h2 class=\"elementor-heading-title elementor-size-default\">\ud83d\uddc2 Gestion des donn\u00e9es et fonctionnalit\u00e9s sp\u00e9cifiques<\/h2>\t\t\t\t<\/div>\n\t\t\t\t<\/div>\n\t\t\t\t\t<\/div>\n\t\t<\/div>\n\t\t\t\t\t<\/div>\n\t\t<\/section>\n\t\t\t\t<section class=\"elementor-section elementor-top-section elementor-element elementor-element-ff6acfc elementor-section-boxed elementor-section-height-default elementor-section-height-default\" data-id=\"ff6acfc\" data-element_type=\"section\" data-settings=\"{&quot;jet_parallax_layout_list&quot;:[]}\">\n\t\t\t\t\t\t<div class=\"elementor-container elementor-column-gap-default\">\n\t\t\t\t\t<div class=\"elementor-column elementor-col-100 elementor-top-column elementor-element elementor-element-2b30723\" data-id=\"2b30723\" data-element_type=\"column\">\n\t\t\t<div class=\"elementor-widget-wrap elementor-element-populated\">\n\t\t\t\t\t\t<div class=\"elementor-element elementor-element-0509773 elementor-widget__width-initial elementor-widget elementor-widget-text-editor\" data-id=\"0509773\" data-element_type=\"widget\" data-widget_type=\"text-editor.default\">\n\t\t\t\t<div class=\"elementor-widget-container\">\n\t\t\t\t\t\t\t\t\t<p>Qu\u2019il s\u2019agisse de g\u00e9rer votre autorisation, vos bilans, vos subsides ou vos pr\u00e9f\u00e9rences, cette section vous aide\u00a0pour chaque fonctionnalit\u00e9 sp\u00e9cifique du portail. Vous trouverez ici des solutions concr\u00e8tes \u00e0 vos questions les plus fr\u00e9quentes.<\/p>\t\t\t\t\t\t\t\t<\/div>\n\t\t\t\t<\/div>\n\t\t\t\t\t<\/div>\n\t\t<\/div>\n\t\t\t\t\t<\/div>\n\t\t<\/section>\n\t\t\t\t<section class=\"elementor-section elementor-top-section elementor-element elementor-element-7882c02 elementor-section-boxed elementor-section-height-default elementor-section-height-default\" data-id=\"7882c02\" data-element_type=\"section\" data-settings=\"{&quot;jet_parallax_layout_list&quot;:[]}\">\n\t\t\t\t\t\t<div class=\"elementor-container elementor-column-gap-default\">\n\t\t\t\t\t<div class=\"elementor-column elementor-col-100 elementor-top-column elementor-element elementor-element-813649e\" data-id=\"813649e\" data-element_type=\"column\">\n\t\t\t<div class=\"elementor-widget-wrap elementor-element-populated\">\n\t\t\t\t\t\t<div class=\"elementor-element elementor-element-e037a51 elementor-widget elementor-widget-heading\" data-id=\"e037a51\" data-element_type=\"widget\" data-widget_type=\"heading.default\">\n\t\t\t\t<div class=\"elementor-widget-container\">\n\t\t\t\t\t<h2 class=\"elementor-heading-title elementor-size-default\">Guides pratiques<\/h2>\t\t\t\t<\/div>\n\t\t\t\t<\/div>\n\t\t\t\t<div class=\"elementor-element elementor-element-92de8ef elementor-widget elementor-widget-text-editor\" data-id=\"92de8ef\" data-element_type=\"widget\" data-widget_type=\"text-editor.default\">\n\t\t\t\t<div class=\"elementor-widget-container\">\n\t\t\t\t\t\t\t\t\t<p>\ud83d\udd27 Ce guide est actuellement en cours de cr\u00e9ation. Il sera bient\u00f4t disponible ici !<\/p>\t\t\t\t\t\t\t\t<\/div>\n\t\t\t\t<\/div>\n\t\t\t\t\t<\/div>\n\t\t<\/div>\n\t\t\t\t\t<\/div>\n\t\t<\/section>\n\t\t\t\t<section class=\"elementor-section elementor-top-section elementor-element elementor-element-2fc4b8e elementor-section-boxed elementor-section-height-default elementor-section-height-default\" data-id=\"2fc4b8e\" data-element_type=\"section\" data-settings=\"{&quot;jet_parallax_layout_list&quot;:[]}\">\n\t\t\t\t\t\t<div class=\"elementor-container elementor-column-gap-default\">\n\t\t\t\t\t<div class=\"elementor-column elementor-col-100 elementor-top-column elementor-element elementor-element-41eb749\" data-id=\"41eb749\" data-element_type=\"column\">\n\t\t\t<div class=\"elementor-widget-wrap elementor-element-populated\">\n\t\t\t\t\t\t<div class=\"elementor-element elementor-element-eee45b0 elementor-widget elementor-widget-heading\" data-id=\"eee45b0\" data-element_type=\"widget\" data-widget_type=\"heading.default\">\n\t\t\t\t<div class=\"elementor-widget-container\">\n\t\t\t\t\t<h2 class=\"elementor-heading-title elementor-size-default\">Articles<\/h2>\t\t\t\t<\/div>\n\t\t\t\t<\/div>\n\t\t\t\t<div class=\"elementor-element elementor-element-a6c0e63 elementor-widget elementor-widget-text-editor\" data-id=\"a6c0e63\" data-element_type=\"widget\" data-widget_type=\"text-editor.default\">\n\t\t\t\t<div class=\"elementor-widget-container\">\n\t\t\t\t\t\t\t\t\t<p>\ud83d\udca1 En attendant, d\u00e9couvrez les articles d\u00e9j\u00e0 publi\u00e9s sur cette th\u00e9matique.<\/p>\t\t\t\t\t\t\t\t<\/div>\n\t\t\t\t<\/div>\n\t\t\t\t\t<\/div>\n\t\t<\/div>\n\t\t\t\t\t<\/div>\n\t\t<\/section>\n\t\t\t\t<section class=\"elementor-section elementor-top-section elementor-element elementor-element-569453f elementor-section-boxed elementor-section-height-default elementor-section-height-default\" data-id=\"569453f\" data-element_type=\"section\" data-settings=\"{&quot;jet_parallax_layout_list&quot;:[]}\">\n\t\t\t\t\t\t<div class=\"elementor-container elementor-column-gap-default\">\n\t\t\t\t\t<div class=\"elementor-column elementor-col-100 elementor-top-column elementor-element elementor-element-4de1de3\" data-id=\"4de1de3\" data-element_type=\"column\">\n\t\t\t<div class=\"elementor-widget-wrap elementor-element-populated\">\n\t\t\t\t\t\t<div class=\"elementor-element elementor-element-08abe90 raven-button-align-center elementor-widget elementor-widget-raven-posts\" data-id=\"08abe90\" data-element_type=\"widget\" data-settings=\"{&quot;classic_show_pagination&quot;:&quot;yes&quot;,&quot;classic_pagination_type&quot;:&quot;load_more&quot;,&quot;_skin&quot;:&quot;classic&quot;,&quot;classic_layout&quot;:&quot;grid&quot;,&quot;classic_columns&quot;:&quot;3&quot;,&quot;classic_columns_tablet&quot;:&quot;2&quot;,&quot;classic_columns_mobile&quot;:&quot;1&quot;,&quot;query_posts_per_page&quot;:6,&quot;query_offset&quot;:0}\" data-widget_type=\"raven-posts.classic\">\n\t\t\t\t<div class=\"elementor-widget-container\">\n\t\t\t\t\t\t\t<div class=\"raven-posts raven-grid raven-grid-3 raven-grid-mobile-1 raven-grid-tablet-2\" data-post-id=\"7710\" data-archive-query=\"\" data-lang=\"\">\r\n\t\t\t\t<div class=\"raven-grid-item raven-post-item post-6889 post type-post status-publish format-standard hentry category-creches-sae\">\r\n\t\t\t<div class=\"raven-post elementor-animation-grow\">\r\n\t\t\t\t\t\t\t\t<div class=\"raven-post-content\">\r\n\t\t\t\t\t\t\t<div class=\"raven-post-meta\"><a class=\"raven-post-meta-item raven-post-date\" href=\"https:\/\/pro.one.be\/news\/?m=202503\" rel=\"bookmark\">mars 2025<\/a>\n<span class=\"raven-post-meta-item raven-post-categories\"><a href=\"https:\/\/pro.one.be\/news\/?cat=1\" rel=\"tag\">Cr\u00e8ches &amp; SAE<\/a><\/span><\/div>\r\n\t\t<h3 class=\"raven-post-title\"><a class=\"raven-post-title-link\" href=\"https:\/\/pro.one.be\/news\/?p=6889\">RGPD &amp; Protection des donn\u00e9es<\/a><\/h3><div class=\"raven-post-excerpt\">La digitalisation facilite la gestion administrative et am\u00e9liore les services aux familles. Gr\u00e2ce aux plateformes Pro.ONE, My.ONE et EMMA, vous pouvez acc\u00e9der \u00e0 des outils performants pour g\u00e9rer votre activit\u00e9.<\/div>\t\t<div class=\"raven-post-read-more\">\r\n\t\t\t<a class=\"raven-post-button\" href=\"https:\/\/pro.one.be\/news\/?p=6889\"><span class=\"raven-post-button-text\">En savoir +<\/span><\/a>\r\n\t\t<\/div>\r\n\t\t\t\t\t\t<\/div>\r\n\t\t\t<\/div>\r\n\t\t<\/div>\r\n\t\t\t\t<div class=\"raven-grid-item raven-post-item post-5526 post type-post status-publish format-standard hentry category-creches-sae\">\r\n\t\t\t<div class=\"raven-post elementor-animation-grow\">\r\n\t\t\t\t\t\t\t\t<div class=\"raven-post-content\">\r\n\t\t\t\t\t\t\t<div class=\"raven-post-meta\"><a class=\"raven-post-meta-item raven-post-date\" href=\"https:\/\/pro.one.be\/news\/?m=202406\" rel=\"bookmark\">juin 2024<\/a>\n<span class=\"raven-post-meta-item raven-post-categories\"><a href=\"https:\/\/pro.one.be\/news\/?cat=1\" rel=\"tag\">Cr\u00e8ches &amp; SAE<\/a><\/span><\/div>\r\n\t\t<h3 class=\"raven-post-title\"><a class=\"raven-post-title-link\" href=\"https:\/\/pro.one.be\/news\/?p=5526\">Services d\u2019accueillant\u00b7e\u00b7s d\u2019enfants (SAE) : encodages des demandes de subsides\u00a0<\/a><\/h3><div class=\"raven-post-excerpt\">Le helpdesk re\u00e7oit couramment des appels au sujet des encodages de demandes de subsides pour les services d&rsquo;accueil d&rsquo;enfants. Ci-dessous, nous apportons des r\u00e9ponses \u00e0 vos questions les plus fr\u00e9quentes<\/div>\t\t<div class=\"raven-post-read-more\">\r\n\t\t\t<a class=\"raven-post-button\" href=\"https:\/\/pro.one.be\/news\/?p=5526\"><span class=\"raven-post-button-text\">En savoir +<\/span><\/a>\r\n\t\t<\/div>\r\n\t\t\t\t\t\t<\/div>\r\n\t\t\t<\/div>\r\n\t\t<\/div>\r\n\t\t\t\t<div class=\"raven-grid-item raven-post-item post-5474 post type-post status-publish format-standard hentry category-creches-sae\">\r\n\t\t\t<div class=\"raven-post elementor-animation-grow\">\r\n\t\t\t\t\t\t\t\t<div class=\"raven-post-content\">\r\n\t\t\t\t\t\t\t<div class=\"raven-post-meta\"><a class=\"raven-post-meta-item raven-post-date\" href=\"https:\/\/pro.one.be\/news\/?m=202406\" rel=\"bookmark\">juin 2024<\/a>\n<span class=\"raven-post-meta-item raven-post-categories\"><a href=\"https:\/\/pro.one.be\/news\/?cat=1\" rel=\"tag\">Cr\u00e8ches &amp; SAE<\/a><\/span><\/div>\r\n\t\t<h3 class=\"raven-post-title\"><a class=\"raven-post-title-link\" href=\"https:\/\/pro.one.be\/news\/?p=5474\">Encoder vos donn\u00e9es de contact m\u00e9decin dans PRO.ONE : Comment et pourquoi ?<\/a><\/h3><div class=\"raven-post-excerpt\">Vous avez un\u00b7e m\u00e9decin et une consultation m\u00e9dicale dans votre milieu d\u2019accueil ? Qu\u2019il s\u2019agisse d\u2019un milieu d\u2019accueil subventionn\u00e9 ou non subventionn\u00e9, les donn\u00e9es de contact de votre m\u00e9decin nous<\/div>\t\t<div class=\"raven-post-read-more\">\r\n\t\t\t<a class=\"raven-post-button\" href=\"https:\/\/pro.one.be\/news\/?p=5474\"><span class=\"raven-post-button-text\">En savoir +<\/span><\/a>\r\n\t\t<\/div>\r\n\t\t\t\t\t\t<\/div>\r\n\t\t\t<\/div>\r\n\t\t<\/div>\r\n\t\t\t\t<div class=\"raven-grid-item raven-post-item post-5134 post type-post status-publish format-standard hentry category-creches-sae\">\r\n\t\t\t<div class=\"raven-post elementor-animation-grow\">\r\n\t\t\t\t\t\t\t\t<div class=\"raven-post-content\">\r\n\t\t\t\t\t\t\t<div class=\"raven-post-meta\"><a class=\"raven-post-meta-item raven-post-date\" href=\"https:\/\/pro.one.be\/news\/?m=202405\" rel=\"bookmark\">mai 2024<\/a>\n<span class=\"raven-post-meta-item raven-post-categories\"><a href=\"https:\/\/pro.one.be\/news\/?cat=1\" rel=\"tag\">Cr\u00e8ches &amp; SAE<\/a><\/span><\/div>\r\n\t\t<h3 class=\"raven-post-title\"><a class=\"raven-post-title-link\" href=\"https:\/\/pro.one.be\/news\/?p=5134\">Rappel : mise \u00e0 jour de vos donn\u00e9es de contact sur PRO.ONE.<\/a><\/h3><div class=\"raven-post-excerpt\">Nous vous rappelons qu\u2019il est tr\u00e8s important de maintenir vos donn\u00e9es publiques et en particulier vos donn\u00e9es de contact dans la signal\u00e9tique de votre milieu d\u2019accueil\u00a0et de votre pouvoir organisateur<\/div>\t\t<div class=\"raven-post-read-more\">\r\n\t\t\t<a class=\"raven-post-button\" href=\"https:\/\/pro.one.be\/news\/?p=5134\"><span class=\"raven-post-button-text\">En savoir +<\/span><\/a>\r\n\t\t<\/div>\r\n\t\t\t\t\t\t<\/div>\r\n\t\t\t<\/div>\r\n\t\t<\/div>\r\n\t\t\t\t<div class=\"raven-grid-item raven-post-item post-4490 post type-post status-publish format-standard hentry category-creches-sae\">\r\n\t\t\t<div class=\"raven-post elementor-animation-grow\">\r\n\t\t\t\t\t\t\t\t<div class=\"raven-post-content\">\r\n\t\t\t\t\t\t\t<div class=\"raven-post-meta\"><a class=\"raven-post-meta-item raven-post-date\" href=\"https:\/\/pro.one.be\/news\/?m=202403\" rel=\"bookmark\">mars 2024<\/a>\n<span class=\"raven-post-meta-item raven-post-categories\"><a href=\"https:\/\/pro.one.be\/news\/?cat=1\" rel=\"tag\">Cr\u00e8ches &amp; SAE<\/a><\/span><\/div>\r\n\t\t<h3 class=\"raven-post-title\"><a class=\"raven-post-title-link\" href=\"https:\/\/pro.one.be\/news\/?p=4490\">Les bilans de fonctionnement pour les services d&rsquo;accueil d&rsquo;enfants (SAE)<\/a><\/h3><div class=\"raven-post-excerpt\">Conform\u00e9ment \u00e0 l\u2019article 75 de l\u2019arr\u00eat\u00e9 du 02 mai 2019 dit \u00ab Autorisation et subventions \u00bb, l\u2019ONE r\u00e9alise en collaboration avec les milieux d\u2019accueil un bilan de fonctionnement. Jusqu\u2019\u00e0 pr\u00e9sent,<\/div>\t\t<div class=\"raven-post-read-more\">\r\n\t\t\t<a class=\"raven-post-button\" href=\"https:\/\/pro.one.be\/news\/?p=4490\"><span class=\"raven-post-button-text\">En savoir +<\/span><\/a>\r\n\t\t<\/div>\r\n\t\t\t\t\t\t<\/div>\r\n\t\t\t<\/div>\r\n\t\t<\/div>\r\n\t\t\t\t<div class=\"raven-grid-item raven-post-item post-4301 post type-post status-publish format-standard hentry category-aei category-creches-sae\">\r\n\t\t\t<div class=\"raven-post elementor-animation-grow\">\r\n\t\t\t\t\t\t\t\t<div class=\"raven-post-content\">\r\n\t\t\t\t\t\t\t<div class=\"raven-post-meta\"><a class=\"raven-post-meta-item raven-post-date\" href=\"https:\/\/pro.one.be\/news\/?m=202403\" rel=\"bookmark\">mars 2024<\/a>\n<span class=\"raven-post-meta-item raven-post-categories\"><a href=\"https:\/\/pro.one.be\/news\/?cat=82\" rel=\"tag\">Acc.d'Enfants Ind\u00e9pendant\u00b7e<\/a>, <a href=\"https:\/\/pro.one.be\/news\/?cat=1\" rel=\"tag\">Cr\u00e8ches &amp; SAE<\/a><\/span><\/div>\r\n\t\t<h3 class=\"raven-post-title\"><a class=\"raven-post-title-link\" href=\"https:\/\/pro.one.be\/news\/?p=4301\">Configurez votre abonnement Flash Accueil sur PRO.ONE<\/a><\/h3><div class=\"raven-post-excerpt\">Le Flash Accueil est le journal d\u2019information incontournable des professionnels des milieux d\u2019accueil ! Il est con\u00e7u comme un outil au service de la qualit\u00e9 de l&rsquo;accueil et vise \u00e0<\/div>\t\t<div class=\"raven-post-read-more\">\r\n\t\t\t<a class=\"raven-post-button\" href=\"https:\/\/pro.one.be\/news\/?p=4301\"><span class=\"raven-post-button-text\">En savoir +<\/span><\/a>\r\n\t\t<\/div>\r\n\t\t\t\t\t\t<\/div>\r\n\t\t\t<\/div>\r\n\t\t<\/div>\r\n\t\t\t\t<\/div>\r\n\t\t\t\t<div class=\"raven-load-more\" data-settings=\"{&quot;maxNumPages&quot;:3}\">\r\n\t\t\t<a class=\"raven-load-more-button\" href=\"#\"><span class=\"raven-post-button-text\">Afficher plus<\/span><\/a>\r\n\t\t<\/div>\r\n\t\t\t\t\t\t<\/div>\n\t\t\t\t<\/div>\n\t\t\t\t\t<\/div>\n\t\t<\/div>\n\t\t\t\t\t<\/div>\n\t\t<\/section>\n\t\t\t\t<section class=\"elementor-section elementor-top-section elementor-element elementor-element-adec6a0 elementor-section-boxed elementor-section-height-default elementor-section-height-default\" data-id=\"adec6a0\" data-element_type=\"section\" data-settings=\"{&quot;jet_parallax_layout_list&quot;:[]}\">\n\t\t\t\t\t\t<div class=\"elementor-container elementor-column-gap-default\">\n\t\t\t\t\t<div class=\"elementor-column elementor-col-50 elementor-top-column elementor-element elementor-element-ce9a0b0\" data-id=\"ce9a0b0\" data-element_type=\"column\">\n\t\t\t<div class=\"elementor-widget-wrap\">\n\t\t\t\t\t\t\t<\/div>\n\t\t<\/div>\n\t\t\t\t<div class=\"elementor-column elementor-col-50 elementor-top-column elementor-element elementor-element-f33159d\" data-id=\"f33159d\" data-element_type=\"column\">\n\t\t\t<div class=\"elementor-widget-wrap\">\n\t\t\t\t\t\t\t<\/div>\n\t\t<\/div>\n\t\t\t\t\t<\/div>\n\t\t<\/section>\n\t\t\t\t<\/div>\n\t\t","protected":false},"excerpt":{"rendered":"<p>Accueil \ud83d\uddc2 Gestion des donn\u00e9es et fonctionnalit\u00e9s sp\u00e9cifiques Qu\u2019il s\u2019agisse de g\u00e9rer votre autorisation, vos bilans, vos subsides ou vos pr\u00e9f\u00e9rences, cette section vous aide\u00a0pour chaque fonctionnalit\u00e9 sp\u00e9cifique du portail. Vous trouverez ici des solutions concr\u00e8tes \u00e0 vos questions les plus fr\u00e9quentes. Guides pratiques \ud83d\udd27 Ce guide est actuellement en cours de cr\u00e9ation. Il sera [&hellip;]<\/p>\n","protected":false},"author":2,"featured_media":0,"parent":0,"menu_order":0,"comment_status":"closed","ping_status":"closed","template":"elementor_header_footer","meta":{"_acf_changed":false,"footnotes":""},"class_list":["post-7710","page","type-page","status-publish","hentry"],"acf":[],"yoast_head":"<!-- This site is optimized with the Yoast SEO plugin v25.1 - https:\/\/yoast.com\/wordpress\/plugins\/seo\/ -->\n<title>Gestion des donn\u00e9es et fonctionnalit\u00e9s sp\u00e9cifiques - PRO.DIG.E<\/title>\n<meta name=\"robots\" content=\"index, follow, max-snippet:-1, max-image-preview:large, max-video-preview:-1\" \/>\n<link rel=\"canonical\" href=\"https:\/\/pro.one.be\/news\/?page_id=7710\" \/>\n<meta property=\"og:locale\" content=\"fr_FR\" \/>\n<meta property=\"og:type\" content=\"article\" \/>\n<meta property=\"og:title\" content=\"Gestion des donn\u00e9es et fonctionnalit\u00e9s sp\u00e9cifiques - PRO.DIG.E\" \/>\n<meta property=\"og:description\" content=\"Accueil \ud83d\uddc2 Gestion des donn\u00e9es et fonctionnalit\u00e9s sp\u00e9cifiques Qu\u2019il s\u2019agisse de g\u00e9rer votre autorisation, vos bilans, vos subsides ou vos pr\u00e9f\u00e9rences, cette section vous aide\u00a0pour chaque fonctionnalit\u00e9 sp\u00e9cifique du portail. Vous trouverez ici des solutions concr\u00e8tes \u00e0 vos questions les plus fr\u00e9quentes. Guides pratiques \ud83d\udd27 Ce guide est actuellement en cours de cr\u00e9ation. Il sera [&hellip;]\" \/>\n<meta property=\"og:url\" content=\"https:\/\/pro.one.be\/news\/?page_id=7710\" \/>\n<meta property=\"og:site_name\" content=\"PRO.DIG.E\" \/>\n<meta property=\"article:modified_time\" content=\"2025-05-24T18:31:05+00:00\" \/>\n<meta name=\"twitter:card\" content=\"summary_large_image\" \/>\n<meta name=\"twitter:label1\" content=\"Dur\u00e9e de lecture estim\u00e9e\" \/>\n\t<meta name=\"twitter:data1\" content=\"2 minutes\" \/>\n<script type=\"application\/ld+json\" class=\"yoast-schema-graph\">{\"@context\":\"https:\/\/schema.org\",\"@graph\":[{\"@type\":\"WebPage\",\"@id\":\"https:\/\/pro.one.be\/news\/?page_id=7710\",\"url\":\"https:\/\/pro.one.be\/news\/?page_id=7710\",\"name\":\"Gestion des donn\u00e9es et fonctionnalit\u00e9s sp\u00e9cifiques - PRO.DIG.E\",\"isPartOf\":{\"@id\":\"https:\/\/pro.one.be\/news\/#website\"},\"datePublished\":\"2025-05-21T00:05:28+00:00\",\"dateModified\":\"2025-05-24T18:31:05+00:00\",\"breadcrumb\":{\"@id\":\"https:\/\/pro.one.be\/news\/?page_id=7710#breadcrumb\"},\"inLanguage\":\"fr-FR\",\"potentialAction\":[{\"@type\":\"ReadAction\",\"target\":[\"https:\/\/pro.one.be\/news\/?page_id=7710\"]}]},{\"@type\":\"BreadcrumbList\",\"@id\":\"https:\/\/pro.one.be\/news\/?page_id=7710#breadcrumb\",\"itemListElement\":[{\"@type\":\"ListItem\",\"position\":1,\"name\":\"Accueil\",\"item\":\"https:\/\/pro.one.be\/news\/\"},{\"@type\":\"ListItem\",\"position\":2,\"name\":\"Gestion des donn\u00e9es et fonctionnalit\u00e9s sp\u00e9cifiques\"}]},{\"@type\":\"WebSite\",\"@id\":\"https:\/\/pro.one.be\/news\/#website\",\"url\":\"https:\/\/pro.one.be\/news\/\",\"name\":\"PRO.DIG.E\",\"description\":\"De DIGIPRO\",\"publisher\":{\"@id\":\"https:\/\/pro.one.be\/news\/#organization\"},\"potentialAction\":[{\"@type\":\"SearchAction\",\"target\":{\"@type\":\"EntryPoint\",\"urlTemplate\":\"https:\/\/pro.one.be\/news\/?s={search_term_string}\"},\"query-input\":{\"@type\":\"PropertyValueSpecification\",\"valueRequired\":true,\"valueName\":\"search_term_string\"}}],\"inLanguage\":\"fr-FR\"},{\"@type\":\"Organization\",\"@id\":\"https:\/\/pro.one.be\/news\/#organization\",\"name\":\"PRO.DIG.E\",\"url\":\"https:\/\/pro.one.be\/news\/\",\"logo\":{\"@type\":\"ImageObject\",\"inLanguage\":\"fr-FR\",\"@id\":\"https:\/\/pro.one.be\/news\/#\/schema\/logo\/image\/\",\"url\":\"https:\/\/pro.one.be\/news\/wp-content\/uploads\/2022\/09\/ONE_haut.svg\",\"contentUrl\":\"https:\/\/pro.one.be\/news\/wp-content\/uploads\/2022\/09\/ONE_haut.svg\",\"width\":276.52,\"height\":167.58,\"caption\":\"PRO.DIG.E\"},\"image\":{\"@id\":\"https:\/\/pro.one.be\/news\/#\/schema\/logo\/image\/\"}}]}<\/script>\n<!-- \/ Yoast SEO plugin. -->","yoast_head_json":{"title":"Gestion des donn\u00e9es et fonctionnalit\u00e9s sp\u00e9cifiques - PRO.DIG.E","robots":{"index":"index","follow":"follow","max-snippet":"max-snippet:-1","max-image-preview":"max-image-preview:large","max-video-preview":"max-video-preview:-1"},"canonical":"https:\/\/pro.one.be\/news\/?page_id=7710","og_locale":"fr_FR","og_type":"article","og_title":"Gestion des donn\u00e9es et fonctionnalit\u00e9s sp\u00e9cifiques - PRO.DIG.E","og_description":"Accueil \ud83d\uddc2 Gestion des donn\u00e9es et fonctionnalit\u00e9s sp\u00e9cifiques Qu\u2019il s\u2019agisse de g\u00e9rer votre autorisation, vos bilans, vos subsides ou vos pr\u00e9f\u00e9rences, cette section vous aide\u00a0pour chaque fonctionnalit\u00e9 sp\u00e9cifique du portail. Vous trouverez ici des solutions concr\u00e8tes \u00e0 vos questions les plus fr\u00e9quentes. Guides pratiques \ud83d\udd27 Ce guide est actuellement en cours de cr\u00e9ation. Il sera [&hellip;]","og_url":"https:\/\/pro.one.be\/news\/?page_id=7710","og_site_name":"PRO.DIG.E","article_modified_time":"2025-05-24T18:31:05+00:00","twitter_card":"summary_large_image","twitter_misc":{"Dur\u00e9e de lecture estim\u00e9e":"2 minutes"},"schema":{"@context":"https:\/\/schema.org","@graph":[{"@type":"WebPage","@id":"https:\/\/pro.one.be\/news\/?page_id=7710","url":"https:\/\/pro.one.be\/news\/?page_id=7710","name":"Gestion des donn\u00e9es et fonctionnalit\u00e9s sp\u00e9cifiques - PRO.DIG.E","isPartOf":{"@id":"https:\/\/pro.one.be\/news\/#website"},"datePublished":"2025-05-21T00:05:28+00:00","dateModified":"2025-05-24T18:31:05+00:00","breadcrumb":{"@id":"https:\/\/pro.one.be\/news\/?page_id=7710#breadcrumb"},"inLanguage":"fr-FR","potentialAction":[{"@type":"ReadAction","target":["https:\/\/pro.one.be\/news\/?page_id=7710"]}]},{"@type":"BreadcrumbList","@id":"https:\/\/pro.one.be\/news\/?page_id=7710#breadcrumb","itemListElement":[{"@type":"ListItem","position":1,"name":"Accueil","item":"https:\/\/pro.one.be\/news\/"},{"@type":"ListItem","position":2,"name":"Gestion des donn\u00e9es et fonctionnalit\u00e9s sp\u00e9cifiques"}]},{"@type":"WebSite","@id":"https:\/\/pro.one.be\/news\/#website","url":"https:\/\/pro.one.be\/news\/","name":"PRO.DIG.E","description":"De DIGIPRO","publisher":{"@id":"https:\/\/pro.one.be\/news\/#organization"},"potentialAction":[{"@type":"SearchAction","target":{"@type":"EntryPoint","urlTemplate":"https:\/\/pro.one.be\/news\/?s={search_term_string}"},"query-input":{"@type":"PropertyValueSpecification","valueRequired":true,"valueName":"search_term_string"}}],"inLanguage":"fr-FR"},{"@type":"Organization","@id":"https:\/\/pro.one.be\/news\/#organization","name":"PRO.DIG.E","url":"https:\/\/pro.one.be\/news\/","logo":{"@type":"ImageObject","inLanguage":"fr-FR","@id":"https:\/\/pro.one.be\/news\/#\/schema\/logo\/image\/","url":"https:\/\/pro.one.be\/news\/wp-content\/uploads\/2022\/09\/ONE_haut.svg","contentUrl":"https:\/\/pro.one.be\/news\/wp-content\/uploads\/2022\/09\/ONE_haut.svg","width":276.52,"height":167.58,"caption":"PRO.DIG.E"},"image":{"@id":"https:\/\/pro.one.be\/news\/#\/schema\/logo\/image\/"}}]}},"_links":{"self":[{"href":"https:\/\/pro.one.be\/news\/index.php?rest_route=\/wp\/v2\/pages\/7710","targetHints":{"allow":["GET"]}}],"collection":[{"href":"https:\/\/pro.one.be\/news\/index.php?rest_route=\/wp\/v2\/pages"}],"about":[{"href":"https:\/\/pro.one.be\/news\/index.php?rest_route=\/wp\/v2\/types\/page"}],"author":[{"embeddable":true,"href":"https:\/\/pro.one.be\/news\/index.php?rest_route=\/wp\/v2\/users\/2"}],"replies":[{"embeddable":true,"href":"https:\/\/pro.one.be\/news\/index.php?rest_route=%2Fwp%2Fv2%2Fcomments&post=7710"}],"version-history":[{"count":25,"href":"https:\/\/pro.one.be\/news\/index.php?rest_route=\/wp\/v2\/pages\/7710\/revisions"}],"predecessor-version":[{"id":8091,"href":"https:\/\/pro.one.be\/news\/index.php?rest_route=\/wp\/v2\/pages\/7710\/revisions\/8091"}],"wp:attachment":[{"href":"https:\/\/pro.one.be\/news\/index.php?rest_route=%2Fwp%2Fv2%2Fmedia&parent=7710"}],"curies":[{"name":"wp","href":"https:\/\/api.w.org\/{rel}","templated":true}]}}