{"id":7726,"date":"2025-05-21T02:23:02","date_gmt":"2025-05-21T00:23:02","guid":{"rendered":"https:\/\/pro-newsletter.cloud.intranet.one.be\/?page_id=7726"},"modified":"2025-05-24T20:32:02","modified_gmt":"2025-05-24T18:32:02","slug":"my-one","status":"publish","type":"page","link":"https:\/\/pro.one.be\/news\/?page_id=7726","title":{"rendered":"My.ONE"},"content":{"rendered":"\t\t<div data-elementor-type=\"wp-page\" data-elementor-id=\"7726\" class=\"elementor elementor-7726\">\n\t\t\t\t\t\t<section class=\"elementor-section elementor-top-section elementor-element elementor-element-ecad041 elementor-section-boxed elementor-section-height-default elementor-section-height-default\" data-id=\"ecad041\" data-element_type=\"section\" data-settings=\"{&quot;jet_parallax_layout_list&quot;:[]}\">\n\t\t\t\t\t\t<div class=\"elementor-container elementor-column-gap-default\">\n\t\t\t\t\t<div class=\"elementor-column elementor-col-100 elementor-top-column elementor-element elementor-element-e35cc93\" data-id=\"e35cc93\" data-element_type=\"column\">\n\t\t\t<div class=\"elementor-widget-wrap elementor-element-populated\">\n\t\t\t\t\t\t<div class=\"elementor-element elementor-element-7f0b32f elementor-widget elementor-widget-button\" data-id=\"7f0b32f\" data-element_type=\"widget\" data-widget_type=\"button.default\">\n\t\t\t\t<div class=\"elementor-widget-container\">\n\t\t\t\t\t\t\t\t\t<div class=\"elementor-button-wrapper\">\n\t\t\t\t\t<a class=\"elementor-button elementor-button-link elementor-size-sm\" href=\"https:\/\/pro.one.be\/news\/\">\n\t\t\t\t\t\t<span class=\"elementor-button-content-wrapper\">\n\t\t\t\t\t\t<span class=\"elementor-button-icon\">\n\t\t\t\t<i aria-hidden=\"true\" class=\"fas fa-arrow-left\"><\/i>\t\t\t<\/span>\n\t\t\t\t\t\t\t\t\t<span class=\"elementor-button-text\">Accueil<\/span>\n\t\t\t\t\t<\/span>\n\t\t\t\t\t<\/a>\n\t\t\t\t<\/div>\n\t\t\t\t\t\t\t\t<\/div>\n\t\t\t\t<\/div>\n\t\t\t\t<div class=\"elementor-element elementor-element-e650b17 elementor-widget elementor-widget-heading\" data-id=\"e650b17\" data-element_type=\"widget\" data-widget_type=\"heading.default\">\n\t\t\t\t<div class=\"elementor-widget-container\">\n\t\t\t\t\t<h2 class=\"elementor-heading-title elementor-size-default\">\ud83e\uddd2 My.ONE <\/h2>\t\t\t\t<\/div>\n\t\t\t\t<\/div>\n\t\t\t\t\t<\/div>\n\t\t<\/div>\n\t\t\t\t\t<\/div>\n\t\t<\/section>\n\t\t\t\t<section class=\"elementor-section elementor-top-section elementor-element elementor-element-bbc23df elementor-section-boxed elementor-section-height-default elementor-section-height-default\" data-id=\"bbc23df\" data-element_type=\"section\" data-settings=\"{&quot;jet_parallax_layout_list&quot;:[]}\">\n\t\t\t\t\t\t<div class=\"elementor-container elementor-column-gap-default\">\n\t\t\t\t\t<div class=\"elementor-column elementor-col-100 elementor-top-column elementor-element elementor-element-d5f5db1\" data-id=\"d5f5db1\" data-element_type=\"column\">\n\t\t\t<div class=\"elementor-widget-wrap elementor-element-populated\">\n\t\t\t\t\t\t<div class=\"elementor-element elementor-element-6bb2279 elementor-widget__width-initial elementor-widget elementor-widget-text-editor\" data-id=\"6bb2279\" data-element_type=\"widget\" data-widget_type=\"text-editor.default\">\n\t\t\t\t<div class=\"elementor-widget-container\">\n\t\t\t\t\t\t\t\t\t<p>My.ONE est le site pens\u00e9 pour les familles \u00e0 la recherche d\u2019une place d\u2019accueil ou d\u2019activit\u00e9s.<br data-start=\"1038\" data-end=\"1041\" \/>Dans cette section, d\u00e9couvrez comment vos donn\u00e9es publi\u00e9es sur Pro.ONE sont <strong data-start=\"1117\" data-end=\"1146\">visibles pour les parents<\/strong>, et comment vous pouvez am\u00e9liorer votre <strong data-start=\"1187\" data-end=\"1216\">visibilit\u00e9 sur le portail<\/strong>.<\/p>\t\t\t\t\t\t\t\t<\/div>\n\t\t\t\t<\/div>\n\t\t\t\t\t<\/div>\n\t\t<\/div>\n\t\t\t\t\t<\/div>\n\t\t<\/section>\n\t\t\t\t<section class=\"elementor-section elementor-top-section elementor-element elementor-element-0796ccc elementor-section-boxed elementor-section-height-default elementor-section-height-default\" data-id=\"0796ccc\" data-element_type=\"section\" data-settings=\"{&quot;jet_parallax_layout_list&quot;:[]}\">\n\t\t\t\t\t\t<div class=\"elementor-container elementor-column-gap-default\">\n\t\t\t\t\t<div class=\"elementor-column elementor-col-100 elementor-top-column elementor-element elementor-element-5027ae5\" data-id=\"5027ae5\" data-element_type=\"column\">\n\t\t\t<div class=\"elementor-widget-wrap elementor-element-populated\">\n\t\t\t\t\t\t<div class=\"elementor-element elementor-element-6d415f7 elementor-widget elementor-widget-heading\" data-id=\"6d415f7\" data-element_type=\"widget\" data-widget_type=\"heading.default\">\n\t\t\t\t<div class=\"elementor-widget-container\">\n\t\t\t\t\t<h2 class=\"elementor-heading-title elementor-size-default\">Guides pratiques<\/h2>\t\t\t\t<\/div>\n\t\t\t\t<\/div>\n\t\t\t\t<div class=\"elementor-element elementor-element-a37a18c elementor-widget elementor-widget-text-editor\" data-id=\"a37a18c\" data-element_type=\"widget\" data-widget_type=\"text-editor.default\">\n\t\t\t\t<div class=\"elementor-widget-container\">\n\t\t\t\t\t\t\t\t\t<p>\ud83d\udd27 Ce guide est actuellement en cours de cr\u00e9ation. Il sera bient\u00f4t disponible ici !<\/p>\t\t\t\t\t\t\t\t<\/div>\n\t\t\t\t<\/div>\n\t\t\t\t\t<\/div>\n\t\t<\/div>\n\t\t\t\t\t<\/div>\n\t\t<\/section>\n\t\t\t\t<section class=\"elementor-section elementor-top-section elementor-element elementor-element-9726b5e elementor-section-boxed elementor-section-height-default elementor-section-height-default\" data-id=\"9726b5e\" data-element_type=\"section\" data-settings=\"{&quot;jet_parallax_layout_list&quot;:[]}\">\n\t\t\t\t\t\t<div class=\"elementor-container elementor-column-gap-default\">\n\t\t\t\t\t<div class=\"elementor-column elementor-col-100 elementor-top-column elementor-element elementor-element-8c0e296\" data-id=\"8c0e296\" data-element_type=\"column\">\n\t\t\t<div class=\"elementor-widget-wrap elementor-element-populated\">\n\t\t\t\t\t\t<div class=\"elementor-element elementor-element-8cfb1b2 elementor-widget elementor-widget-heading\" data-id=\"8cfb1b2\" data-element_type=\"widget\" data-widget_type=\"heading.default\">\n\t\t\t\t<div class=\"elementor-widget-container\">\n\t\t\t\t\t<h2 class=\"elementor-heading-title elementor-size-default\">Articles<\/h2>\t\t\t\t<\/div>\n\t\t\t\t<\/div>\n\t\t\t\t<div class=\"elementor-element elementor-element-2fc4051 elementor-widget elementor-widget-text-editor\" data-id=\"2fc4051\" data-element_type=\"widget\" data-widget_type=\"text-editor.default\">\n\t\t\t\t<div class=\"elementor-widget-container\">\n\t\t\t\t\t\t\t\t\t<p>\ud83d\udca1 En attendant, d\u00e9couvrez les articles d\u00e9j\u00e0 publi\u00e9s sur cette th\u00e9matique.<\/p>\t\t\t\t\t\t\t\t<\/div>\n\t\t\t\t<\/div>\n\t\t\t\t\t<\/div>\n\t\t<\/div>\n\t\t\t\t\t<\/div>\n\t\t<\/section>\n\t\t\t\t<section class=\"elementor-section elementor-top-section elementor-element elementor-element-ae2d7a6 elementor-section-boxed elementor-section-height-default elementor-section-height-default\" data-id=\"ae2d7a6\" data-element_type=\"section\" data-settings=\"{&quot;jet_parallax_layout_list&quot;:[]}\">\n\t\t\t\t\t\t<div class=\"elementor-container elementor-column-gap-default\">\n\t\t\t\t\t<div class=\"elementor-column elementor-col-100 elementor-top-column elementor-element elementor-element-2fc6d7d\" data-id=\"2fc6d7d\" data-element_type=\"column\">\n\t\t\t<div class=\"elementor-widget-wrap elementor-element-populated\">\n\t\t\t\t\t\t<div class=\"elementor-element elementor-element-7db300c raven-button-align-center elementor-widget elementor-widget-raven-posts\" data-id=\"7db300c\" data-element_type=\"widget\" data-settings=\"{&quot;classic_show_pagination&quot;:&quot;yes&quot;,&quot;classic_pagination_type&quot;:&quot;load_more&quot;,&quot;_skin&quot;:&quot;classic&quot;,&quot;classic_layout&quot;:&quot;grid&quot;,&quot;classic_columns&quot;:&quot;3&quot;,&quot;classic_columns_tablet&quot;:&quot;2&quot;,&quot;classic_columns_mobile&quot;:&quot;1&quot;,&quot;query_posts_per_page&quot;:6,&quot;query_offset&quot;:0}\" data-widget_type=\"raven-posts.classic\">\n\t\t\t\t<div class=\"elementor-widget-container\">\n\t\t\t\t\t\t\t<div class=\"raven-posts raven-grid raven-grid-3 raven-grid-mobile-1 raven-grid-tablet-2\" data-post-id=\"7726\" data-archive-query=\"\" data-lang=\"\">\r\n\t\t\t\t<div class=\"raven-grid-item raven-post-item post-7317 post type-post status-publish format-standard hentry category-aei\">\r\n\t\t\t<div class=\"raven-post elementor-animation-grow\">\r\n\t\t\t\t\t\t\t\t<div class=\"raven-post-content\">\r\n\t\t\t\t\t\t\t<div class=\"raven-post-meta\"><a class=\"raven-post-meta-item raven-post-date\" href=\"https:\/\/pro.one.be\/news\/?m=202505\" rel=\"bookmark\">mai 2025<\/a>\n<span class=\"raven-post-meta-item raven-post-categories\"><a href=\"https:\/\/pro.one.be\/news\/?cat=82\" rel=\"tag\">Acc.d'Enfants Ind\u00e9pendant\u00b7e<\/a><\/span><\/div>\r\n\t\t<h3 class=\"raven-post-title\"><a class=\"raven-post-title-link\" href=\"https:\/\/pro.one.be\/news\/?p=7317\">Gagnez en visibilit\u00e9 gr\u00e2ce \u00e0 My.ONE\u00a0<\/a><\/h3><div class=\"raven-post-excerpt\">Pourquoi rendre votre milieu d\u2019accueil visible sur My.ONE ?\u00a0 My.ONE est un portail pens\u00e9 pour les familles. Il les aide \u00e0 identifier un milieu d\u2019accueil qui r\u00e9pond \u00e0 leurs besoins.<\/div>\t\t<div class=\"raven-post-read-more\">\r\n\t\t\t<a class=\"raven-post-button\" href=\"https:\/\/pro.one.be\/news\/?p=7317\"><span class=\"raven-post-button-text\">En savoir +<\/span><\/a>\r\n\t\t<\/div>\r\n\t\t\t\t\t\t<\/div>\r\n\t\t\t<\/div>\r\n\t\t<\/div>\r\n\t\t\t\t<div class=\"raven-grid-item raven-post-item post-7266 post type-post status-publish format-standard hentry category-atl\">\r\n\t\t\t<div class=\"raven-post elementor-animation-grow\">\r\n\t\t\t\t\t\t\t\t<div class=\"raven-post-content\">\r\n\t\t\t\t\t\t\t<div class=\"raven-post-meta\"><a class=\"raven-post-meta-item raven-post-date\" href=\"https:\/\/pro.one.be\/news\/?m=202505\" rel=\"bookmark\">mai 2025<\/a>\n<span class=\"raven-post-meta-item raven-post-categories\"><a href=\"https:\/\/pro.one.be\/news\/?cat=74\" rel=\"tag\">ATL<\/a><\/span><\/div>\r\n\t\t<h3 class=\"raven-post-title\"><a class=\"raven-post-title-link\" href=\"https:\/\/pro.one.be\/news\/?p=7266\">Pro.ONE &#038; My.ONE : bien comprendre leur lien<\/a><\/h3><div class=\"raven-post-excerpt\">Dans cet article, nous vous rappelons le lien entre nos deux plateformes, My.ONE et Pro.ONE, et comment elles interagissent pour faciliter l&rsquo;encodage et la correction de vos donn\u00e9es. Encodage et<\/div>\t\t<div class=\"raven-post-read-more\">\r\n\t\t\t<a class=\"raven-post-button\" href=\"https:\/\/pro.one.be\/news\/?p=7266\"><span class=\"raven-post-button-text\">En savoir +<\/span><\/a>\r\n\t\t<\/div>\r\n\t\t\t\t\t\t<\/div>\r\n\t\t\t<\/div>\r\n\t\t<\/div>\r\n\t\t\t\t<div class=\"raven-grid-item raven-post-item post-7223 post type-post status-publish format-standard hentry category-atl\">\r\n\t\t\t<div class=\"raven-post elementor-animation-grow\">\r\n\t\t\t\t\t\t\t\t<div class=\"raven-post-content\">\r\n\t\t\t\t\t\t\t<div class=\"raven-post-meta\"><a class=\"raven-post-meta-item raven-post-date\" href=\"https:\/\/pro.one.be\/news\/?m=202505\" rel=\"bookmark\">mai 2025<\/a>\n<span class=\"raven-post-meta-item raven-post-categories\"><a href=\"https:\/\/pro.one.be\/news\/?cat=74\" rel=\"tag\">ATL<\/a><\/span><\/div>\r\n\t\t<h3 class=\"raven-post-title\"><a class=\"raven-post-title-link\" href=\"https:\/\/pro.one.be\/news\/?p=7223\">R\u00e9sultats de l&rsquo;enqu\u00eate sur My.ONE : Retours des organisateurs d&rsquo;activit\u00e9s de vacances<\/a><\/h3><div class=\"raven-post-excerpt\">Suite \u00e0 l&rsquo;enqu\u00eate men\u00e9e fin f\u00e9vrier, \u00e0 laquelle vous avez g\u00e9n\u00e9reusement particip\u00e9, nous avons recueilli 158 r\u00e9ponses qui nous permettent de mieux comprendre vos besoins et attentes concernant les plateformes<\/div>\t\t<div class=\"raven-post-read-more\">\r\n\t\t\t<a class=\"raven-post-button\" href=\"https:\/\/pro.one.be\/news\/?p=7223\"><span class=\"raven-post-button-text\">En savoir +<\/span><\/a>\r\n\t\t<\/div>\r\n\t\t\t\t\t\t<\/div>\r\n\t\t\t<\/div>\r\n\t\t<\/div>\r\n\t\t\t\t<div class=\"raven-grid-item raven-post-item post-6529 post type-post status-publish format-standard hentry category-aes2 category-atl category-cdv category-pad\">\r\n\t\t\t<div class=\"raven-post elementor-animation-grow\">\r\n\t\t\t\t\t\t\t\t<div class=\"raven-post-content\">\r\n\t\t\t\t\t\t\t<div class=\"raven-post-meta\"><a class=\"raven-post-meta-item raven-post-date\" href=\"https:\/\/pro.one.be\/news\/?m=202502\" rel=\"bookmark\">f\u00e9vrier 2025<\/a>\n<span class=\"raven-post-meta-item raven-post-categories\"><a href=\"https:\/\/pro.one.be\/news\/?cat=80\" rel=\"tag\">AES2<\/a>, <a href=\"https:\/\/pro.one.be\/news\/?cat=74\" rel=\"tag\">ATL<\/a>, <a href=\"https:\/\/pro.one.be\/news\/?cat=79\" rel=\"tag\">CDV<\/a>, <a href=\"https:\/\/pro.one.be\/news\/?cat=85\" rel=\"tag\">PAD<\/a><\/span><\/div>\r\n\t\t<h3 class=\"raven-post-title\"><a class=\"raven-post-title-link\" href=\"https:\/\/pro.one.be\/news\/?p=6529\">Organisateurs d&rsquo;activit\u00e9s de vacances : Participez \u00e0 notre enqu\u00eate et aidez-nous \u00e0 am\u00e9liorer My.ONE !<\/a><\/h3><div class=\"raven-post-excerpt\">Depuis son lancement il y a un peu plus d&rsquo;un an, la plateforme My.ONE a pour objectif d&rsquo;aider les familles \u00e0 la recherche d&rsquo;activit\u00e9s de vacances pour leurs enfants. L&rsquo;outil<\/div>\t\t<div class=\"raven-post-read-more\">\r\n\t\t\t<a class=\"raven-post-button\" href=\"https:\/\/pro.one.be\/news\/?p=6529\"><span class=\"raven-post-button-text\">En savoir +<\/span><\/a>\r\n\t\t<\/div>\r\n\t\t\t\t\t\t<\/div>\r\n\t\t\t<\/div>\r\n\t\t<\/div>\r\n\t\t\t\t<div class=\"raven-grid-item raven-post-item post-6474 post type-post status-publish format-standard hentry category-creches-sae\">\r\n\t\t\t<div class=\"raven-post elementor-animation-grow\">\r\n\t\t\t\t\t\t\t\t<div class=\"raven-post-content\">\r\n\t\t\t\t\t\t\t<div class=\"raven-post-meta\"><a class=\"raven-post-meta-item raven-post-date\" href=\"https:\/\/pro.one.be\/news\/?m=202502\" rel=\"bookmark\">f\u00e9vrier 2025<\/a>\n<span class=\"raven-post-meta-item raven-post-categories\"><a href=\"https:\/\/pro.one.be\/news\/?cat=1\" rel=\"tag\">Cr\u00e8ches &amp; SAE<\/a><\/span><\/div>\r\n\t\t<h3 class=\"raven-post-title\"><a class=\"raven-post-title-link\" href=\"https:\/\/pro.one.be\/news\/?p=6474\">Les SAEMD sur My.ONE<\/a><\/h3><div class=\"raven-post-excerpt\">concr\u00e8tement, pour les parents\u00a0? Comme pour les autres lieux et activit\u00e9s pr\u00e9sents sur My.ONE, les parents pourront lire un condens\u00e9 des informations utiles \u00e0 conna\u00eetre sur ces services dont les<\/div>\t\t<div class=\"raven-post-read-more\">\r\n\t\t\t<a class=\"raven-post-button\" href=\"https:\/\/pro.one.be\/news\/?p=6474\"><span class=\"raven-post-button-text\">En savoir +<\/span><\/a>\r\n\t\t<\/div>\r\n\t\t\t\t\t\t<\/div>\r\n\t\t\t<\/div>\r\n\t\t<\/div>\r\n\t\t\t\t<div class=\"raven-grid-item raven-post-item post-6086 post type-post status-publish format-standard hentry category-aes1 category-aes2 category-atl category-catl\">\r\n\t\t\t<div class=\"raven-post elementor-animation-grow\">\r\n\t\t\t\t\t\t\t\t<div class=\"raven-post-content\">\r\n\t\t\t\t\t\t\t<div class=\"raven-post-meta\"><a class=\"raven-post-meta-item raven-post-date\" href=\"https:\/\/pro.one.be\/news\/?m=202410\" rel=\"bookmark\">octobre 2024<\/a>\n<span class=\"raven-post-meta-item raven-post-categories\"><a href=\"https:\/\/pro.one.be\/news\/?cat=77\" rel=\"tag\">AES1<\/a>, <a href=\"https:\/\/pro.one.be\/news\/?cat=80\" rel=\"tag\">AES2<\/a>, <a href=\"https:\/\/pro.one.be\/news\/?cat=74\" rel=\"tag\">ATL<\/a>, <a href=\"https:\/\/pro.one.be\/news\/?cat=84\" rel=\"tag\">CATL<\/a><\/span><\/div>\r\n\t\t<h3 class=\"raven-post-title\"><a class=\"raven-post-title-link\" href=\"https:\/\/pro.one.be\/news\/?p=6086\">Nouvelle fonctionnalit\u00e9 sur My.ONE : Recherchez des lieux d&rsquo;Accueil Extrascolaire agr\u00e9\u00e9s<\/a><\/h3><div class=\"raven-post-excerpt\">Nous sommes ravi.es de vous annoncer une nouvelle fonctionnalit\u00e9 sur notre plateforme My.ONE. D\u00e9sormais, les parents peuvent rechercher des lieux d&rsquo;accueil extrascolaire en utilisant le nom ou l&rsquo;adresse de l&rsquo;\u00e9cole<\/div>\t\t<div class=\"raven-post-read-more\">\r\n\t\t\t<a class=\"raven-post-button\" href=\"https:\/\/pro.one.be\/news\/?p=6086\"><span class=\"raven-post-button-text\">En savoir +<\/span><\/a>\r\n\t\t<\/div>\r\n\t\t\t\t\t\t<\/div>\r\n\t\t\t<\/div>\r\n\t\t<\/div>\r\n\t\t\t\t<\/div>\r\n\t\t\t\t<div class=\"raven-load-more\" data-settings=\"{&quot;maxNumPages&quot;:5}\">\r\n\t\t\t<a class=\"raven-load-more-button\" href=\"#\"><span class=\"raven-post-button-text\">Afficher plus<\/span><\/a>\r\n\t\t<\/div>\r\n\t\t\t\t\t\t<\/div>\n\t\t\t\t<\/div>\n\t\t\t\t\t<\/div>\n\t\t<\/div>\n\t\t\t\t\t<\/div>\n\t\t<\/section>\n\t\t\t\t<section class=\"elementor-section elementor-top-section elementor-element elementor-element-6af64da elementor-section-boxed elementor-section-height-default elementor-section-height-default\" data-id=\"6af64da\" data-element_type=\"section\" data-settings=\"{&quot;jet_parallax_layout_list&quot;:[]}\">\n\t\t\t\t\t\t<div class=\"elementor-container elementor-column-gap-default\">\n\t\t\t\t\t<div class=\"elementor-column elementor-col-50 elementor-top-column elementor-element elementor-element-3409506\" data-id=\"3409506\" data-element_type=\"column\">\n\t\t\t<div class=\"elementor-widget-wrap\">\n\t\t\t\t\t\t\t<\/div>\n\t\t<\/div>\n\t\t\t\t<div class=\"elementor-column elementor-col-50 elementor-top-column elementor-element elementor-element-36f718c\" data-id=\"36f718c\" data-element_type=\"column\">\n\t\t\t<div class=\"elementor-widget-wrap\">\n\t\t\t\t\t\t\t<\/div>\n\t\t<\/div>\n\t\t\t\t\t<\/div>\n\t\t<\/section>\n\t\t\t\t<\/div>\n\t\t","protected":false},"excerpt":{"rendered":"<p>Accueil \ud83e\uddd2 My.ONE My.ONE est le site pens\u00e9 pour les familles \u00e0 la recherche d\u2019une place d\u2019accueil ou d\u2019activit\u00e9s.Dans cette section, d\u00e9couvrez comment vos donn\u00e9es publi\u00e9es sur Pro.ONE sont visibles pour les parents, et comment vous pouvez am\u00e9liorer votre visibilit\u00e9 sur le portail. Guides pratiques \ud83d\udd27 Ce guide est actuellement en cours de cr\u00e9ation. Il [&hellip;]<\/p>\n","protected":false},"author":2,"featured_media":0,"parent":0,"menu_order":0,"comment_status":"closed","ping_status":"closed","template":"elementor_header_footer","meta":{"_acf_changed":false,"footnotes":""},"class_list":["post-7726","page","type-page","status-publish","hentry"],"acf":[],"yoast_head":"<!-- This site is optimized with the Yoast SEO plugin v25.1 - https:\/\/yoast.com\/wordpress\/plugins\/seo\/ -->\n<title>My.ONE - PRO.DIG.E<\/title>\n<meta name=\"robots\" content=\"index, follow, max-snippet:-1, max-image-preview:large, max-video-preview:-1\" \/>\n<link rel=\"canonical\" href=\"https:\/\/pro.one.be\/news\/?page_id=7726\" \/>\n<meta property=\"og:locale\" content=\"fr_FR\" \/>\n<meta property=\"og:type\" content=\"article\" \/>\n<meta property=\"og:title\" content=\"My.ONE - PRO.DIG.E\" \/>\n<meta property=\"og:description\" content=\"Accueil \ud83e\uddd2 My.ONE My.ONE est le site pens\u00e9 pour les familles \u00e0 la recherche d\u2019une place d\u2019accueil ou d\u2019activit\u00e9s.Dans cette section, d\u00e9couvrez comment vos donn\u00e9es publi\u00e9es sur Pro.ONE sont visibles pour les parents, et comment vous pouvez am\u00e9liorer votre visibilit\u00e9 sur le portail. Guides pratiques \ud83d\udd27 Ce guide est actuellement en cours de cr\u00e9ation. Il [&hellip;]\" \/>\n<meta property=\"og:url\" content=\"https:\/\/pro.one.be\/news\/?page_id=7726\" \/>\n<meta property=\"og:site_name\" content=\"PRO.DIG.E\" \/>\n<meta property=\"article:modified_time\" content=\"2025-05-24T18:32:02+00:00\" \/>\n<meta name=\"twitter:card\" content=\"summary_large_image\" \/>\n<meta name=\"twitter:label1\" content=\"Dur\u00e9e de lecture estim\u00e9e\" \/>\n\t<meta name=\"twitter:data1\" content=\"2 minutes\" \/>\n<script type=\"application\/ld+json\" class=\"yoast-schema-graph\">{\"@context\":\"https:\/\/schema.org\",\"@graph\":[{\"@type\":\"WebPage\",\"@id\":\"https:\/\/pro.one.be\/news\/?page_id=7726\",\"url\":\"https:\/\/pro.one.be\/news\/?page_id=7726\",\"name\":\"My.ONE - PRO.DIG.E\",\"isPartOf\":{\"@id\":\"https:\/\/pro.one.be\/news\/#website\"},\"datePublished\":\"2025-05-21T00:23:02+00:00\",\"dateModified\":\"2025-05-24T18:32:02+00:00\",\"breadcrumb\":{\"@id\":\"https:\/\/pro.one.be\/news\/?page_id=7726#breadcrumb\"},\"inLanguage\":\"fr-FR\",\"potentialAction\":[{\"@type\":\"ReadAction\",\"target\":[\"https:\/\/pro.one.be\/news\/?page_id=7726\"]}]},{\"@type\":\"BreadcrumbList\",\"@id\":\"https:\/\/pro.one.be\/news\/?page_id=7726#breadcrumb\",\"itemListElement\":[{\"@type\":\"ListItem\",\"position\":1,\"name\":\"Accueil\",\"item\":\"https:\/\/pro.one.be\/news\/\"},{\"@type\":\"ListItem\",\"position\":2,\"name\":\"My.ONE\"}]},{\"@type\":\"WebSite\",\"@id\":\"https:\/\/pro.one.be\/news\/#website\",\"url\":\"https:\/\/pro.one.be\/news\/\",\"name\":\"PRO.DIG.E\",\"description\":\"De DIGIPRO\",\"publisher\":{\"@id\":\"https:\/\/pro.one.be\/news\/#organization\"},\"potentialAction\":[{\"@type\":\"SearchAction\",\"target\":{\"@type\":\"EntryPoint\",\"urlTemplate\":\"https:\/\/pro.one.be\/news\/?s={search_term_string}\"},\"query-input\":{\"@type\":\"PropertyValueSpecification\",\"valueRequired\":true,\"valueName\":\"search_term_string\"}}],\"inLanguage\":\"fr-FR\"},{\"@type\":\"Organization\",\"@id\":\"https:\/\/pro.one.be\/news\/#organization\",\"name\":\"PRO.DIG.E\",\"url\":\"https:\/\/pro.one.be\/news\/\",\"logo\":{\"@type\":\"ImageObject\",\"inLanguage\":\"fr-FR\",\"@id\":\"https:\/\/pro.one.be\/news\/#\/schema\/logo\/image\/\",\"url\":\"https:\/\/pro.one.be\/news\/wp-content\/uploads\/2022\/09\/ONE_haut.svg\",\"contentUrl\":\"https:\/\/pro.one.be\/news\/wp-content\/uploads\/2022\/09\/ONE_haut.svg\",\"width\":276.52,\"height\":167.58,\"caption\":\"PRO.DIG.E\"},\"image\":{\"@id\":\"https:\/\/pro.one.be\/news\/#\/schema\/logo\/image\/\"}}]}<\/script>\n<!-- \/ Yoast SEO plugin. -->","yoast_head_json":{"title":"My.ONE - PRO.DIG.E","robots":{"index":"index","follow":"follow","max-snippet":"max-snippet:-1","max-image-preview":"max-image-preview:large","max-video-preview":"max-video-preview:-1"},"canonical":"https:\/\/pro.one.be\/news\/?page_id=7726","og_locale":"fr_FR","og_type":"article","og_title":"My.ONE - PRO.DIG.E","og_description":"Accueil \ud83e\uddd2 My.ONE My.ONE est le site pens\u00e9 pour les familles \u00e0 la recherche d\u2019une place d\u2019accueil ou d\u2019activit\u00e9s.Dans cette section, d\u00e9couvrez comment vos donn\u00e9es publi\u00e9es sur Pro.ONE sont visibles pour les parents, et comment vous pouvez am\u00e9liorer votre visibilit\u00e9 sur le portail. Guides pratiques \ud83d\udd27 Ce guide est actuellement en cours de cr\u00e9ation. Il [&hellip;]","og_url":"https:\/\/pro.one.be\/news\/?page_id=7726","og_site_name":"PRO.DIG.E","article_modified_time":"2025-05-24T18:32:02+00:00","twitter_card":"summary_large_image","twitter_misc":{"Dur\u00e9e de lecture estim\u00e9e":"2 minutes"},"schema":{"@context":"https:\/\/schema.org","@graph":[{"@type":"WebPage","@id":"https:\/\/pro.one.be\/news\/?page_id=7726","url":"https:\/\/pro.one.be\/news\/?page_id=7726","name":"My.ONE - PRO.DIG.E","isPartOf":{"@id":"https:\/\/pro.one.be\/news\/#website"},"datePublished":"2025-05-21T00:23:02+00:00","dateModified":"2025-05-24T18:32:02+00:00","breadcrumb":{"@id":"https:\/\/pro.one.be\/news\/?page_id=7726#breadcrumb"},"inLanguage":"fr-FR","potentialAction":[{"@type":"ReadAction","target":["https:\/\/pro.one.be\/news\/?page_id=7726"]}]},{"@type":"BreadcrumbList","@id":"https:\/\/pro.one.be\/news\/?page_id=7726#breadcrumb","itemListElement":[{"@type":"ListItem","position":1,"name":"Accueil","item":"https:\/\/pro.one.be\/news\/"},{"@type":"ListItem","position":2,"name":"My.ONE"}]},{"@type":"WebSite","@id":"https:\/\/pro.one.be\/news\/#website","url":"https:\/\/pro.one.be\/news\/","name":"PRO.DIG.E","description":"De DIGIPRO","publisher":{"@id":"https:\/\/pro.one.be\/news\/#organization"},"potentialAction":[{"@type":"SearchAction","target":{"@type":"EntryPoint","urlTemplate":"https:\/\/pro.one.be\/news\/?s={search_term_string}"},"query-input":{"@type":"PropertyValueSpecification","valueRequired":true,"valueName":"search_term_string"}}],"inLanguage":"fr-FR"},{"@type":"Organization","@id":"https:\/\/pro.one.be\/news\/#organization","name":"PRO.DIG.E","url":"https:\/\/pro.one.be\/news\/","logo":{"@type":"ImageObject","inLanguage":"fr-FR","@id":"https:\/\/pro.one.be\/news\/#\/schema\/logo\/image\/","url":"https:\/\/pro.one.be\/news\/wp-content\/uploads\/2022\/09\/ONE_haut.svg","contentUrl":"https:\/\/pro.one.be\/news\/wp-content\/uploads\/2022\/09\/ONE_haut.svg","width":276.52,"height":167.58,"caption":"PRO.DIG.E"},"image":{"@id":"https:\/\/pro.one.be\/news\/#\/schema\/logo\/image\/"}}]}},"_links":{"self":[{"href":"https:\/\/pro.one.be\/news\/index.php?rest_route=\/wp\/v2\/pages\/7726","targetHints":{"allow":["GET"]}}],"collection":[{"href":"https:\/\/pro.one.be\/news\/index.php?rest_route=\/wp\/v2\/pages"}],"about":[{"href":"https:\/\/pro.one.be\/news\/index.php?rest_route=\/wp\/v2\/types\/page"}],"author":[{"embeddable":true,"href":"https:\/\/pro.one.be\/news\/index.php?rest_route=\/wp\/v2\/users\/2"}],"replies":[{"embeddable":true,"href":"https:\/\/pro.one.be\/news\/index.php?rest_route=%2Fwp%2Fv2%2Fcomments&post=7726"}],"version-history":[{"count":19,"href":"https:\/\/pro.one.be\/news\/index.php?rest_route=\/wp\/v2\/pages\/7726\/revisions"}],"predecessor-version":[{"id":8094,"href":"https:\/\/pro.one.be\/news\/index.php?rest_route=\/wp\/v2\/pages\/7726\/revisions\/8094"}],"wp:attachment":[{"href":"https:\/\/pro.one.be\/news\/index.php?rest_route=%2Fwp%2Fv2%2Fmedia&parent=7726"}],"curies":[{"name":"wp","href":"https:\/\/api.w.org\/{rel}","templated":true}]}}