{"id":7734,"date":"2025-05-21T02:32:33","date_gmt":"2025-05-21T00:32:33","guid":{"rendered":"https:\/\/pro-newsletter.cloud.intranet.one.be\/?page_id=7734"},"modified":"2025-05-24T20:34:21","modified_gmt":"2025-05-24T18:34:21","slug":"pre-demande-daccueil","status":"publish","type":"page","link":"https:\/\/pro.one.be\/news\/?page_id=7734","title":{"rendered":"Pr\u00e9 demande d&rsquo;Accueil"},"content":{"rendered":"\t\t<div data-elementor-type=\"wp-page\" data-elementor-id=\"7734\" class=\"elementor elementor-7734\">\n\t\t\t\t\t\t<section class=\"elementor-section elementor-top-section elementor-element elementor-element-12c0132 elementor-section-boxed elementor-section-height-default elementor-section-height-default\" data-id=\"12c0132\" data-element_type=\"section\" data-settings=\"{&quot;jet_parallax_layout_list&quot;:[]}\">\n\t\t\t\t\t\t<div class=\"elementor-container elementor-column-gap-default\">\n\t\t\t\t\t<div class=\"elementor-column elementor-col-100 elementor-top-column elementor-element elementor-element-78db987\" data-id=\"78db987\" data-element_type=\"column\">\n\t\t\t<div class=\"elementor-widget-wrap elementor-element-populated\">\n\t\t\t\t\t\t<div class=\"elementor-element elementor-element-e1d1cc5 elementor-widget elementor-widget-button\" data-id=\"e1d1cc5\" data-element_type=\"widget\" data-widget_type=\"button.default\">\n\t\t\t\t<div class=\"elementor-widget-container\">\n\t\t\t\t\t\t\t\t\t<div class=\"elementor-button-wrapper\">\n\t\t\t\t\t<a class=\"elementor-button elementor-button-link elementor-size-sm\" href=\"https:\/\/pro.one.be\/news\/\">\n\t\t\t\t\t\t<span class=\"elementor-button-content-wrapper\">\n\t\t\t\t\t\t<span class=\"elementor-button-icon\">\n\t\t\t\t<i aria-hidden=\"true\" class=\"fas fa-arrow-left\"><\/i>\t\t\t<\/span>\n\t\t\t\t\t\t\t\t\t<span class=\"elementor-button-text\">Accueil<\/span>\n\t\t\t\t\t<\/span>\n\t\t\t\t\t<\/a>\n\t\t\t\t<\/div>\n\t\t\t\t\t\t\t\t<\/div>\n\t\t\t\t<\/div>\n\t\t\t\t<div class=\"elementor-element elementor-element-b5955d5 elementor-widget elementor-widget-heading\" data-id=\"b5955d5\" data-element_type=\"widget\" data-widget_type=\"heading.default\">\n\t\t\t\t<div class=\"elementor-widget-container\">\n\t\t\t\t\t<h2 class=\"elementor-heading-title elementor-size-default\">\ud83d\udcdd Pr\u00e9-demande d\u2019accueil<\/h2>\t\t\t\t<\/div>\n\t\t\t\t<\/div>\n\t\t\t\t\t<\/div>\n\t\t<\/div>\n\t\t\t\t\t<\/div>\n\t\t<\/section>\n\t\t\t\t<section class=\"elementor-section elementor-top-section elementor-element elementor-element-fb26b2f elementor-section-boxed elementor-section-height-default elementor-section-height-default\" data-id=\"fb26b2f\" data-element_type=\"section\" data-settings=\"{&quot;jet_parallax_layout_list&quot;:[]}\">\n\t\t\t\t\t\t<div class=\"elementor-container elementor-column-gap-default\">\n\t\t\t\t\t<div class=\"elementor-column elementor-col-100 elementor-top-column elementor-element elementor-element-49138c0\" data-id=\"49138c0\" data-element_type=\"column\">\n\t\t\t<div class=\"elementor-widget-wrap elementor-element-populated\">\n\t\t\t\t\t\t<div class=\"elementor-element elementor-element-ed9b3e7 elementor-widget__width-initial elementor-widget elementor-widget-text-editor\" data-id=\"ed9b3e7\" data-element_type=\"widget\" data-widget_type=\"text-editor.default\">\n\t\t\t\t<div class=\"elementor-widget-container\">\n\t\t\t\t\t\t\t\t\t<p>La pr\u00e9-demande est une <strong data-start=\"1278\" data-end=\"1296\">nouvelle \u00e9tape<\/strong> introduite dans la proc\u00e9dure d\u2019inscription \u00e0 un milieu d\u2019accueil.<br data-start=\"1362\" data-end=\"1365\" \/>Ici, vous trouverez toutes les ressources pour comprendre son fonctionnement, comment <strong data-start=\"1451\" data-end=\"1479\">accompagner les familles<\/strong>, et comment vous organiser sans pression.<\/p>\t\t\t\t\t\t\t\t<\/div>\n\t\t\t\t<\/div>\n\t\t\t\t\t<\/div>\n\t\t<\/div>\n\t\t\t\t\t<\/div>\n\t\t<\/section>\n\t\t\t\t<section class=\"elementor-section elementor-top-section elementor-element elementor-element-d616ff5 elementor-section-boxed elementor-section-height-default elementor-section-height-default\" data-id=\"d616ff5\" data-element_type=\"section\" data-settings=\"{&quot;jet_parallax_layout_list&quot;:[]}\">\n\t\t\t\t\t\t<div class=\"elementor-container elementor-column-gap-default\">\n\t\t\t\t\t<div class=\"elementor-column elementor-col-100 elementor-top-column elementor-element elementor-element-5bbb1ea\" data-id=\"5bbb1ea\" data-element_type=\"column\">\n\t\t\t<div class=\"elementor-widget-wrap elementor-element-populated\">\n\t\t\t\t\t\t<div class=\"elementor-element elementor-element-f365acc elementor-widget elementor-widget-heading\" data-id=\"f365acc\" data-element_type=\"widget\" data-widget_type=\"heading.default\">\n\t\t\t\t<div class=\"elementor-widget-container\">\n\t\t\t\t\t<h2 class=\"elementor-heading-title elementor-size-default\">Guides pratiques<\/h2>\t\t\t\t<\/div>\n\t\t\t\t<\/div>\n\t\t\t\t<div class=\"elementor-element elementor-element-2c3bc37 elementor-widget elementor-widget-text-editor\" data-id=\"2c3bc37\" data-element_type=\"widget\" data-widget_type=\"text-editor.default\">\n\t\t\t\t<div class=\"elementor-widget-container\">\n\t\t\t\t\t\t\t\t\t<p>\ud83d\udd27 Ce guide est actuellement en cours de cr\u00e9ation. Il sera bient\u00f4t disponible ici !<\/p>\t\t\t\t\t\t\t\t<\/div>\n\t\t\t\t<\/div>\n\t\t\t\t\t<\/div>\n\t\t<\/div>\n\t\t\t\t\t<\/div>\n\t\t<\/section>\n\t\t\t\t<section class=\"elementor-section elementor-top-section elementor-element elementor-element-c77370d elementor-section-boxed elementor-section-height-default elementor-section-height-default\" data-id=\"c77370d\" data-element_type=\"section\" data-settings=\"{&quot;jet_parallax_layout_list&quot;:[]}\">\n\t\t\t\t\t\t<div class=\"elementor-container elementor-column-gap-default\">\n\t\t\t\t\t<div class=\"elementor-column elementor-col-100 elementor-top-column elementor-element elementor-element-986e949\" data-id=\"986e949\" data-element_type=\"column\">\n\t\t\t<div class=\"elementor-widget-wrap elementor-element-populated\">\n\t\t\t\t\t\t<div class=\"elementor-element elementor-element-8e988ba elementor-widget elementor-widget-heading\" data-id=\"8e988ba\" data-element_type=\"widget\" data-widget_type=\"heading.default\">\n\t\t\t\t<div class=\"elementor-widget-container\">\n\t\t\t\t\t<h2 class=\"elementor-heading-title elementor-size-default\">Articles<\/h2>\t\t\t\t<\/div>\n\t\t\t\t<\/div>\n\t\t\t\t<div class=\"elementor-element elementor-element-d5c43ec elementor-widget elementor-widget-text-editor\" data-id=\"d5c43ec\" data-element_type=\"widget\" data-widget_type=\"text-editor.default\">\n\t\t\t\t<div class=\"elementor-widget-container\">\n\t\t\t\t\t\t\t\t\t<p>\ud83d\udca1 En attendant, d\u00e9couvrez les articles d\u00e9j\u00e0 publi\u00e9s sur cette th\u00e9matique.<\/p>\t\t\t\t\t\t\t\t<\/div>\n\t\t\t\t<\/div>\n\t\t\t\t\t<\/div>\n\t\t<\/div>\n\t\t\t\t\t<\/div>\n\t\t<\/section>\n\t\t\t\t<section class=\"elementor-section elementor-top-section elementor-element elementor-element-390ef44 elementor-section-boxed elementor-section-height-default elementor-section-height-default\" data-id=\"390ef44\" data-element_type=\"section\" data-settings=\"{&quot;jet_parallax_layout_list&quot;:[]}\">\n\t\t\t\t\t\t<div class=\"elementor-container elementor-column-gap-default\">\n\t\t\t\t\t<div class=\"elementor-column elementor-col-100 elementor-top-column elementor-element elementor-element-dbaf401\" data-id=\"dbaf401\" data-element_type=\"column\">\n\t\t\t<div class=\"elementor-widget-wrap elementor-element-populated\">\n\t\t\t\t\t\t<div class=\"elementor-element elementor-element-daf3f5f raven-button-align-center elementor-widget elementor-widget-raven-posts\" data-id=\"daf3f5f\" data-element_type=\"widget\" data-settings=\"{&quot;classic_show_pagination&quot;:&quot;yes&quot;,&quot;classic_pagination_type&quot;:&quot;load_more&quot;,&quot;_skin&quot;:&quot;classic&quot;,&quot;classic_layout&quot;:&quot;grid&quot;,&quot;classic_columns&quot;:&quot;3&quot;,&quot;classic_columns_tablet&quot;:&quot;2&quot;,&quot;classic_columns_mobile&quot;:&quot;1&quot;,&quot;query_posts_per_page&quot;:6,&quot;query_offset&quot;:0}\" data-widget_type=\"raven-posts.classic\">\n\t\t\t\t<div class=\"elementor-widget-container\">\n\t\t\t\t\t\t\t<div class=\"raven-posts raven-grid raven-grid-3 raven-grid-mobile-1 raven-grid-tablet-2\" data-post-id=\"7734\" data-archive-query=\"\" data-lang=\"\">\r\n\t\t\t\t<div class=\"raven-grid-item raven-post-item post-7311 post type-post status-publish format-standard hentry category-aei category-creches-sae\">\r\n\t\t\t<div class=\"raven-post elementor-animation-grow\">\r\n\t\t\t\t\t\t\t\t<div class=\"raven-post-content\">\r\n\t\t\t\t\t\t\t<div class=\"raven-post-meta\"><a class=\"raven-post-meta-item raven-post-date\" href=\"https:\/\/pro.one.be\/news\/?m=202505\" rel=\"bookmark\">mai 2025<\/a>\n<span class=\"raven-post-meta-item raven-post-categories\"><a href=\"https:\/\/pro.one.be\/news\/?cat=82\" rel=\"tag\">Acc.d'Enfants Ind\u00e9pendant\u00b7e<\/a>, <a href=\"https:\/\/pro.one.be\/news\/?cat=1\" rel=\"tag\">Cr\u00e8ches &amp; SAE<\/a><\/span><\/div>\r\n\t\t<h3 class=\"raven-post-title\"><a class=\"raven-post-title-link\" href=\"https:\/\/pro.one.be\/news\/?p=7311\">Pr\u00e9-demande d\u2019accueil en ligne\u202f: partagez vos questions et votre exp\u00e9rience d\u2019utilisation\u00a0<\/a><\/h3><div class=\"raven-post-excerpt\">Les professionnels de l\u2019accueil se voient proposer, ce printemps, une tourn\u00e9e Questions-R\u00e9ponses autours des implications, pour eux, de l\u2019introduction des Pr\u00e9-demandes d\u2019accueil en ligne. En parall\u00e8le \u00e0 ce format d\u2019\u00e9change<\/div>\t\t<div class=\"raven-post-read-more\">\r\n\t\t\t<a class=\"raven-post-button\" href=\"https:\/\/pro.one.be\/news\/?p=7311\"><span class=\"raven-post-button-text\">En savoir +<\/span><\/a>\r\n\t\t<\/div>\r\n\t\t\t\t\t\t<\/div>\r\n\t\t\t<\/div>\r\n\t\t<\/div>\r\n\t\t\t\t<div class=\"raven-grid-item raven-post-item post-6815 post type-post status-publish format-standard hentry category-creches-sae\">\r\n\t\t\t<div class=\"raven-post elementor-animation-grow\">\r\n\t\t\t\t\t\t\t\t<div class=\"raven-post-content\">\r\n\t\t\t\t\t\t\t<div class=\"raven-post-meta\"><a class=\"raven-post-meta-item raven-post-date\" href=\"https:\/\/pro.one.be\/news\/?m=202503\" rel=\"bookmark\">mars 2025<\/a>\n<span class=\"raven-post-meta-item raven-post-categories\"><a href=\"https:\/\/pro.one.be\/news\/?cat=1\" rel=\"tag\">Cr\u00e8ches &amp; SAE<\/a><\/span><\/div>\r\n\t\t<h3 class=\"raven-post-title\"><a class=\"raven-post-title-link\" href=\"https:\/\/pro.one.be\/news\/?p=6815\">Acc\u00e9der \u00e0 EMMA ou aux pr\u00e9-demandes en tant qu\u2019accueillant\u00b7es d&rsquo;enfants ind\u00e9pendant\u00b7es<\/a><\/h3><div class=\"raven-post-excerpt\">Vous avez \u00e9t\u00e9 nombreux\u00b7ses \u00e0 contacter le helpdesk de Pro.ONE car vous avez rencontr\u00e9 des probl\u00e8mes concernant la cr\u00e9ation de l\u2019espace pour configurer EMMA (logiciel externe \u00e0 Pro.ONE mis \u00e0<\/div>\t\t<div class=\"raven-post-read-more\">\r\n\t\t\t<a class=\"raven-post-button\" href=\"https:\/\/pro.one.be\/news\/?p=6815\"><span class=\"raven-post-button-text\">En savoir +<\/span><\/a>\r\n\t\t<\/div>\r\n\t\t\t\t\t\t<\/div>\r\n\t\t\t<\/div>\r\n\t\t<\/div>\r\n\t\t\t\t<div class=\"raven-grid-item raven-post-item post-6466 post type-post status-publish format-standard hentry category-creches-sae\">\r\n\t\t\t<div class=\"raven-post elementor-animation-grow\">\r\n\t\t\t\t\t\t\t\t<div class=\"raven-post-content\">\r\n\t\t\t\t\t\t\t<div class=\"raven-post-meta\"><a class=\"raven-post-meta-item raven-post-date\" href=\"https:\/\/pro.one.be\/news\/?m=202502\" rel=\"bookmark\">f\u00e9vrier 2025<\/a>\n<span class=\"raven-post-meta-item raven-post-categories\"><a href=\"https:\/\/pro.one.be\/news\/?cat=1\" rel=\"tag\">Cr\u00e8ches &amp; SAE<\/a><\/span><\/div>\r\n\t\t<h3 class=\"raven-post-title\"><a class=\"raven-post-title-link\" href=\"https:\/\/pro.one.be\/news\/?p=6466\">La mise en route de la pr\u00e9-demande d\u2019accueil, en quelques chiffres<\/a><\/h3><div class=\"raven-post-excerpt\">Le syst\u00e8me de pr\u00e9-demande a donc \u00e9t\u00e9 lanc\u00e9 le lundi 3 f\u00e9vrier aupr\u00e8s du grand public. Ce lundi 10 au matin, pr\u00e8s d\u2019une semaine plus tard, on d\u00e9comptait\u00a0: 869 Pr\u00e9-demande<\/div>\t\t<div class=\"raven-post-read-more\">\r\n\t\t\t<a class=\"raven-post-button\" href=\"https:\/\/pro.one.be\/news\/?p=6466\"><span class=\"raven-post-button-text\">En savoir +<\/span><\/a>\r\n\t\t<\/div>\r\n\t\t\t\t\t\t<\/div>\r\n\t\t\t<\/div>\r\n\t\t<\/div>\r\n\t\t\t\t<div class=\"raven-grid-item raven-post-item post-6461 post type-post status-publish format-standard hentry category-creches-sae\">\r\n\t\t\t<div class=\"raven-post elementor-animation-grow\">\r\n\t\t\t\t\t\t\t\t<div class=\"raven-post-content\">\r\n\t\t\t\t\t\t\t<div class=\"raven-post-meta\"><a class=\"raven-post-meta-item raven-post-date\" href=\"https:\/\/pro.one.be\/news\/?m=202502\" rel=\"bookmark\">f\u00e9vrier 2025<\/a>\n<span class=\"raven-post-meta-item raven-post-categories\"><a href=\"https:\/\/pro.one.be\/news\/?cat=1\" rel=\"tag\">Cr\u00e8ches &amp; SAE<\/a><\/span><\/div>\r\n\t\t<h3 class=\"raven-post-title\"><a class=\"raven-post-title-link\" href=\"https:\/\/pro.one.be\/news\/?p=6461\">Comment d\u00e9marrer avec la Pr\u00e9-demande\u00a0dans vos processus de gestion de liste?<\/a><\/h3><div class=\"raven-post-excerpt\">S\u00e9ances d\u2019informationAu cours des derniers mois, en tant que professionnels de l\u2019Accueil petite Enfance, vous avez eu l\u2019occasion de participer aux s\u00e9ances d\u2019information concernant les pr\u00e9-demandes d\u2019accueil en ligne. Si<\/div>\t\t<div class=\"raven-post-read-more\">\r\n\t\t\t<a class=\"raven-post-button\" href=\"https:\/\/pro.one.be\/news\/?p=6461\"><span class=\"raven-post-button-text\">En savoir +<\/span><\/a>\r\n\t\t<\/div>\r\n\t\t\t\t\t\t<\/div>\r\n\t\t\t<\/div>\r\n\t\t<\/div>\r\n\t\t\t\t<div class=\"raven-grid-item raven-post-item post-6452 post type-post status-publish format-standard hentry category-creches-sae\">\r\n\t\t\t<div class=\"raven-post elementor-animation-grow\">\r\n\t\t\t\t\t\t\t\t<div class=\"raven-post-content\">\r\n\t\t\t\t\t\t\t<div class=\"raven-post-meta\"><a class=\"raven-post-meta-item raven-post-date\" href=\"https:\/\/pro.one.be\/news\/?m=202502\" rel=\"bookmark\">f\u00e9vrier 2025<\/a>\n<span class=\"raven-post-meta-item raven-post-categories\"><a href=\"https:\/\/pro.one.be\/news\/?cat=1\" rel=\"tag\">Cr\u00e8ches &amp; SAE<\/a><\/span><\/div>\r\n\t\t<h3 class=\"raven-post-title\"><a class=\"raven-post-title-link\" href=\"https:\/\/pro.one.be\/news\/?p=6452\">\u00ab\u00a0Mon r\u00f4le de gestionnaire de liste d\u2019inscription, avec ce syst\u00e8me de Pr\u00e9-demande\u00a0?\u00a0\u00bb<\/a><\/h3><div class=\"raven-post-excerpt\">C\u00f4t\u00e9 milieux d\u2019accueil, seuls les professionnels qui endossent un r\u00f4le de gestionnaire de la liste d\u2019attente ou d\u2019inscription sont directement concern\u00e9s par le syst\u00e8me autours des Pr\u00e9-demandes. Pour le succ\u00e8s<\/div>\t\t<div class=\"raven-post-read-more\">\r\n\t\t\t<a class=\"raven-post-button\" href=\"https:\/\/pro.one.be\/news\/?p=6452\"><span class=\"raven-post-button-text\">En savoir +<\/span><\/a>\r\n\t\t<\/div>\r\n\t\t\t\t\t\t<\/div>\r\n\t\t\t<\/div>\r\n\t\t<\/div>\r\n\t\t\t\t<div class=\"raven-grid-item raven-post-item post-6434 post type-post status-publish format-standard hentry category-creches-sae\">\r\n\t\t\t<div class=\"raven-post elementor-animation-grow\">\r\n\t\t\t\t\t\t\t\t<div class=\"raven-post-content\">\r\n\t\t\t\t\t\t\t<div class=\"raven-post-meta\"><a class=\"raven-post-meta-item raven-post-date\" href=\"https:\/\/pro.one.be\/news\/?m=202502\" rel=\"bookmark\">f\u00e9vrier 2025<\/a>\n<span class=\"raven-post-meta-item raven-post-categories\"><a href=\"https:\/\/pro.one.be\/news\/?cat=1\" rel=\"tag\">Cr\u00e8ches &amp; SAE<\/a><\/span><\/div>\r\n\t\t<h3 class=\"raven-post-title\"><a class=\"raven-post-title-link\" href=\"https:\/\/pro.one.be\/news\/?p=6434\">La pr\u00e9-demande, c\u2019est quoi ?<\/a><\/h3><div class=\"raven-post-excerpt\">La pr\u00e9-demande d\u2019accueil, c\u2019est l&rsquo;\u00e9tape (nouvelle) d\u2019enregistrement des donn\u00e9es de contacts du parent et des besoins d\u2019accueil pour son b\u00e9b\u00e9, aupr\u00e8s de l\u2019ONE. Elle se r\u00e9alise rapidement via le site<\/div>\t\t<div class=\"raven-post-read-more\">\r\n\t\t\t<a class=\"raven-post-button\" href=\"https:\/\/pro.one.be\/news\/?p=6434\"><span class=\"raven-post-button-text\">En savoir +<\/span><\/a>\r\n\t\t<\/div>\r\n\t\t\t\t\t\t<\/div>\r\n\t\t\t<\/div>\r\n\t\t<\/div>\r\n\t\t\t\t<\/div>\r\n\t\t\t\t<div class=\"raven-load-more\" data-settings=\"{&quot;maxNumPages&quot;:2}\">\r\n\t\t\t<a class=\"raven-load-more-button\" href=\"#\"><span class=\"raven-post-button-text\">Afficher plus<\/span><\/a>\r\n\t\t<\/div>\r\n\t\t\t\t\t\t<\/div>\n\t\t\t\t<\/div>\n\t\t\t\t\t<\/div>\n\t\t<\/div>\n\t\t\t\t\t<\/div>\n\t\t<\/section>\n\t\t\t\t<section class=\"elementor-section elementor-top-section elementor-element elementor-element-6f1b5e2 elementor-section-boxed elementor-section-height-default elementor-section-height-default\" data-id=\"6f1b5e2\" data-element_type=\"section\" data-settings=\"{&quot;jet_parallax_layout_list&quot;:[]}\">\n\t\t\t\t\t\t<div class=\"elementor-container elementor-column-gap-default\">\n\t\t\t\t\t<div class=\"elementor-column elementor-col-50 elementor-top-column elementor-element elementor-element-5d997f8\" data-id=\"5d997f8\" data-element_type=\"column\">\n\t\t\t<div class=\"elementor-widget-wrap\">\n\t\t\t\t\t\t\t<\/div>\n\t\t<\/div>\n\t\t\t\t<div class=\"elementor-column elementor-col-50 elementor-top-column elementor-element elementor-element-0aa3272\" data-id=\"0aa3272\" data-element_type=\"column\">\n\t\t\t<div class=\"elementor-widget-wrap\">\n\t\t\t\t\t\t\t<\/div>\n\t\t<\/div>\n\t\t\t\t\t<\/div>\n\t\t<\/section>\n\t\t\t\t<\/div>\n\t\t","protected":false},"excerpt":{"rendered":"<p>Accueil \ud83d\udcdd Pr\u00e9-demande d\u2019accueil La pr\u00e9-demande est une nouvelle \u00e9tape introduite dans la proc\u00e9dure d\u2019inscription \u00e0 un milieu d\u2019accueil.Ici, vous trouverez toutes les ressources pour comprendre son fonctionnement, comment accompagner les familles, et comment vous organiser sans pression. Guides pratiques \ud83d\udd27 Ce guide est actuellement en cours de cr\u00e9ation. Il sera bient\u00f4t disponible ici ! [&hellip;]<\/p>\n","protected":false},"author":2,"featured_media":0,"parent":0,"menu_order":0,"comment_status":"closed","ping_status":"closed","template":"elementor_header_footer","meta":{"_acf_changed":false,"footnotes":""},"class_list":["post-7734","page","type-page","status-publish","hentry"],"acf":[],"yoast_head":"<!-- This site is optimized with the Yoast SEO plugin v25.1 - https:\/\/yoast.com\/wordpress\/plugins\/seo\/ -->\n<title>Pr\u00e9 demande d&#039;Accueil - PRO.DIG.E<\/title>\n<meta name=\"robots\" content=\"index, follow, max-snippet:-1, max-image-preview:large, max-video-preview:-1\" \/>\n<link rel=\"canonical\" href=\"https:\/\/pro.one.be\/news\/?page_id=7734\" \/>\n<meta property=\"og:locale\" content=\"fr_FR\" \/>\n<meta property=\"og:type\" content=\"article\" \/>\n<meta property=\"og:title\" content=\"Pr\u00e9 demande d&#039;Accueil - PRO.DIG.E\" \/>\n<meta property=\"og:description\" content=\"Accueil \ud83d\udcdd Pr\u00e9-demande d\u2019accueil La pr\u00e9-demande est une nouvelle \u00e9tape introduite dans la proc\u00e9dure d\u2019inscription \u00e0 un milieu d\u2019accueil.Ici, vous trouverez toutes les ressources pour comprendre son fonctionnement, comment accompagner les familles, et comment vous organiser sans pression. Guides pratiques \ud83d\udd27 Ce guide est actuellement en cours de cr\u00e9ation. Il sera bient\u00f4t disponible ici ! [&hellip;]\" \/>\n<meta property=\"og:url\" content=\"https:\/\/pro.one.be\/news\/?page_id=7734\" \/>\n<meta property=\"og:site_name\" content=\"PRO.DIG.E\" \/>\n<meta property=\"article:modified_time\" content=\"2025-05-24T18:34:21+00:00\" \/>\n<meta name=\"twitter:card\" content=\"summary_large_image\" \/>\n<meta name=\"twitter:label1\" content=\"Dur\u00e9e de lecture estim\u00e9e\" \/>\n\t<meta name=\"twitter:data1\" content=\"2 minutes\" \/>\n<script type=\"application\/ld+json\" class=\"yoast-schema-graph\">{\"@context\":\"https:\/\/schema.org\",\"@graph\":[{\"@type\":\"WebPage\",\"@id\":\"https:\/\/pro.one.be\/news\/?page_id=7734\",\"url\":\"https:\/\/pro.one.be\/news\/?page_id=7734\",\"name\":\"Pr\u00e9 demande d'Accueil - PRO.DIG.E\",\"isPartOf\":{\"@id\":\"https:\/\/pro.one.be\/news\/#website\"},\"datePublished\":\"2025-05-21T00:32:33+00:00\",\"dateModified\":\"2025-05-24T18:34:21+00:00\",\"breadcrumb\":{\"@id\":\"https:\/\/pro.one.be\/news\/?page_id=7734#breadcrumb\"},\"inLanguage\":\"fr-FR\",\"potentialAction\":[{\"@type\":\"ReadAction\",\"target\":[\"https:\/\/pro.one.be\/news\/?page_id=7734\"]}]},{\"@type\":\"BreadcrumbList\",\"@id\":\"https:\/\/pro.one.be\/news\/?page_id=7734#breadcrumb\",\"itemListElement\":[{\"@type\":\"ListItem\",\"position\":1,\"name\":\"Accueil\",\"item\":\"https:\/\/pro.one.be\/news\/\"},{\"@type\":\"ListItem\",\"position\":2,\"name\":\"Pr\u00e9 demande d&rsquo;Accueil\"}]},{\"@type\":\"WebSite\",\"@id\":\"https:\/\/pro.one.be\/news\/#website\",\"url\":\"https:\/\/pro.one.be\/news\/\",\"name\":\"PRO.DIG.E\",\"description\":\"De DIGIPRO\",\"publisher\":{\"@id\":\"https:\/\/pro.one.be\/news\/#organization\"},\"potentialAction\":[{\"@type\":\"SearchAction\",\"target\":{\"@type\":\"EntryPoint\",\"urlTemplate\":\"https:\/\/pro.one.be\/news\/?s={search_term_string}\"},\"query-input\":{\"@type\":\"PropertyValueSpecification\",\"valueRequired\":true,\"valueName\":\"search_term_string\"}}],\"inLanguage\":\"fr-FR\"},{\"@type\":\"Organization\",\"@id\":\"https:\/\/pro.one.be\/news\/#organization\",\"name\":\"PRO.DIG.E\",\"url\":\"https:\/\/pro.one.be\/news\/\",\"logo\":{\"@type\":\"ImageObject\",\"inLanguage\":\"fr-FR\",\"@id\":\"https:\/\/pro.one.be\/news\/#\/schema\/logo\/image\/\",\"url\":\"https:\/\/pro.one.be\/news\/wp-content\/uploads\/2022\/09\/ONE_haut.svg\",\"contentUrl\":\"https:\/\/pro.one.be\/news\/wp-content\/uploads\/2022\/09\/ONE_haut.svg\",\"width\":276.52,\"height\":167.58,\"caption\":\"PRO.DIG.E\"},\"image\":{\"@id\":\"https:\/\/pro.one.be\/news\/#\/schema\/logo\/image\/\"}}]}<\/script>\n<!-- \/ Yoast SEO plugin. -->","yoast_head_json":{"title":"Pr\u00e9 demande d'Accueil - PRO.DIG.E","robots":{"index":"index","follow":"follow","max-snippet":"max-snippet:-1","max-image-preview":"max-image-preview:large","max-video-preview":"max-video-preview:-1"},"canonical":"https:\/\/pro.one.be\/news\/?page_id=7734","og_locale":"fr_FR","og_type":"article","og_title":"Pr\u00e9 demande d'Accueil - PRO.DIG.E","og_description":"Accueil \ud83d\udcdd Pr\u00e9-demande d\u2019accueil La pr\u00e9-demande est une nouvelle \u00e9tape introduite dans la proc\u00e9dure d\u2019inscription \u00e0 un milieu d\u2019accueil.Ici, vous trouverez toutes les ressources pour comprendre son fonctionnement, comment accompagner les familles, et comment vous organiser sans pression. Guides pratiques \ud83d\udd27 Ce guide est actuellement en cours de cr\u00e9ation. Il sera bient\u00f4t disponible ici ! [&hellip;]","og_url":"https:\/\/pro.one.be\/news\/?page_id=7734","og_site_name":"PRO.DIG.E","article_modified_time":"2025-05-24T18:34:21+00:00","twitter_card":"summary_large_image","twitter_misc":{"Dur\u00e9e de lecture estim\u00e9e":"2 minutes"},"schema":{"@context":"https:\/\/schema.org","@graph":[{"@type":"WebPage","@id":"https:\/\/pro.one.be\/news\/?page_id=7734","url":"https:\/\/pro.one.be\/news\/?page_id=7734","name":"Pr\u00e9 demande d'Accueil - PRO.DIG.E","isPartOf":{"@id":"https:\/\/pro.one.be\/news\/#website"},"datePublished":"2025-05-21T00:32:33+00:00","dateModified":"2025-05-24T18:34:21+00:00","breadcrumb":{"@id":"https:\/\/pro.one.be\/news\/?page_id=7734#breadcrumb"},"inLanguage":"fr-FR","potentialAction":[{"@type":"ReadAction","target":["https:\/\/pro.one.be\/news\/?page_id=7734"]}]},{"@type":"BreadcrumbList","@id":"https:\/\/pro.one.be\/news\/?page_id=7734#breadcrumb","itemListElement":[{"@type":"ListItem","position":1,"name":"Accueil","item":"https:\/\/pro.one.be\/news\/"},{"@type":"ListItem","position":2,"name":"Pr\u00e9 demande d&rsquo;Accueil"}]},{"@type":"WebSite","@id":"https:\/\/pro.one.be\/news\/#website","url":"https:\/\/pro.one.be\/news\/","name":"PRO.DIG.E","description":"De DIGIPRO","publisher":{"@id":"https:\/\/pro.one.be\/news\/#organization"},"potentialAction":[{"@type":"SearchAction","target":{"@type":"EntryPoint","urlTemplate":"https:\/\/pro.one.be\/news\/?s={search_term_string}"},"query-input":{"@type":"PropertyValueSpecification","valueRequired":true,"valueName":"search_term_string"}}],"inLanguage":"fr-FR"},{"@type":"Organization","@id":"https:\/\/pro.one.be\/news\/#organization","name":"PRO.DIG.E","url":"https:\/\/pro.one.be\/news\/","logo":{"@type":"ImageObject","inLanguage":"fr-FR","@id":"https:\/\/pro.one.be\/news\/#\/schema\/logo\/image\/","url":"https:\/\/pro.one.be\/news\/wp-content\/uploads\/2022\/09\/ONE_haut.svg","contentUrl":"https:\/\/pro.one.be\/news\/wp-content\/uploads\/2022\/09\/ONE_haut.svg","width":276.52,"height":167.58,"caption":"PRO.DIG.E"},"image":{"@id":"https:\/\/pro.one.be\/news\/#\/schema\/logo\/image\/"}}]}},"_links":{"self":[{"href":"https:\/\/pro.one.be\/news\/index.php?rest_route=\/wp\/v2\/pages\/7734","targetHints":{"allow":["GET"]}}],"collection":[{"href":"https:\/\/pro.one.be\/news\/index.php?rest_route=\/wp\/v2\/pages"}],"about":[{"href":"https:\/\/pro.one.be\/news\/index.php?rest_route=\/wp\/v2\/types\/page"}],"author":[{"embeddable":true,"href":"https:\/\/pro.one.be\/news\/index.php?rest_route=\/wp\/v2\/users\/2"}],"replies":[{"embeddable":true,"href":"https:\/\/pro.one.be\/news\/index.php?rest_route=%2Fwp%2Fv2%2Fcomments&post=7734"}],"version-history":[{"count":19,"href":"https:\/\/pro.one.be\/news\/index.php?rest_route=\/wp\/v2\/pages\/7734\/revisions"}],"predecessor-version":[{"id":8100,"href":"https:\/\/pro.one.be\/news\/index.php?rest_route=\/wp\/v2\/pages\/7734\/revisions\/8100"}],"wp:attachment":[{"href":"https:\/\/pro.one.be\/news\/index.php?rest_route=%2Fwp%2Fv2%2Fmedia&parent=7734"}],"curies":[{"name":"wp","href":"https:\/\/api.w.org\/{rel}","templated":true}]}}